{"id":67,"date":"2023-03-24T06:53:44","date_gmt":"2023-03-24T06:53:44","guid":{"rendered":"https:\/\/cozystay.loftocean.com\/mountain-chalet\/?page_id=67"},"modified":"2025-12-11T16:36:01","modified_gmt":"2025-12-11T16:36:01","slug":"rooms","status":"publish","type":"page","link":"https:\/\/quintaaltodorio.pt\/en\/quartos\/","title":{"rendered":"Bedrooms"},"content":{"rendered":"<div data-elementor-type=\"wp-page\" data-elementor-id=\"67\" class=\"elementor elementor-67\" data-elementor-post-type=\"page\">\n\t\t\t\t\t\t<section class=\"elementor-section elementor-top-section elementor-element elementor-element-6d0637df cs-section-content-fullwidth elementor-section-boxed elementor-section-height-default elementor-section-height-default\" data-id=\"6d0637df\" data-element_type=\"section\" data-e-type=\"section\">\n\t\t\t\t\t\t<div class=\"elementor-container elementor-column-gap-no\">\n\t\t\t\t\t<div class=\"elementor-column elementor-col-100 elementor-top-column elementor-element elementor-element-1334447e dark-color\" data-id=\"1334447e\" data-element_type=\"column\" data-e-type=\"column\">\n\t\t\t<div class=\"elementor-widget-wrap elementor-element-populated\">\n\t\t\t\t\t\t<div class=\"elementor-element elementor-element-423e5c58 elementor-absolute elementor-widget elementor-widget-cs_reservation\" data-id=\"423e5c58\" data-element_type=\"widget\" data-e-type=\"widget\" data-settings=\"{&quot;_position&quot;:&quot;absolute&quot;}\" data-widget_type=\"cs_reservation.default\">\n\t\t\t\t<div class=\"elementor-widget-container\">\n\t\t\t\t\t\n\t\t<div class=\"cs-reservation-form style-banner cs-form-square inline-label\">\n\t\t\t<form class=\"cs-form-wrap\" data-display-date-format=\"DD-MM-YYYY\" data-date-format=\"YYYY-MM-DD\" action=\"https:\/\/quintaaltodorio.pt\/en\/\" method=\"GET\" data-elementor-widget-id=\"423e5c58\" data-trp-original-action=\"https:\/\/quintaaltodorio.pt\/en\/\">\t\t\t\t\t<div class=\"cs-form-field cs-check-in\">\t\t\t\t\t\t<div class=\"field-wrap\">\n\t\t\t\t\t\t\t<label class=\"cs-form-label\" for=\"room-reservation-423e5c5886-checkin\">Check In<\/label>\n\n\t\t\t\t\t\t\t<div class=\"field-input-wrap checkin-date\">\n\t\t\t\t\t\t\t\t<input type=\"text\" class=\"date-range-picker\" value=\"2026-05-13 - 2026-05-14\">\n\t\t\t\t\t\t\t\t<input type=\"text\" value=\"\" data-value=\"2026-05-13\" class=\"check-in-date\" name=\"\" id=\"room-reservation-423e5c5886-checkin\" readonly>\n\t\t\t\t\t\t\t<\/div>\n\t\t\t\t\t\t<\/div>\n\t\t\t\t\t<\/div>\n\t\t\t\t\t<div class=\"cs-form-field cs-check-out\">\t\t\t\t\t\t<div class=\"field-wrap\">\n\t\t\t\t\t\t\t<label class=\"cs-form-label\" for=\"room-reservation-423e5c5886-checkout\">Check Out<\/label>\n\n\t\t\t\t\t\t\t<div class=\"field-input-wrap checkout-date\">\n\t\t\t\t\t\t\t\t<input type=\"text\" value=\"\" id=\"room-reservation-423e5c5886-checkout\" data-value=\"2026-05-14\" class=\"check-out-date\" name=\"\" readonly>\n\t\t\t\t\t\t\t<\/div>\n\t\t\t\t\t\t<\/div>\n\t\t\t\t\t<\/div>\t\t\t<div class=\"cs-form-field cs-rooms cs-has-dropdown\">\n\t\t\t\t<div class=\"field-wrap\">\n\t\t\t\t\t<label class=\"cs-form-label\" for=\"room-reservation-423e5c5886-rooms\">Bedrooms<\/label>\n\n\t\t\t\t\t<div class=\"field-input-wrap has-dropdown\">\n\t\t\t\t\t\t<input type=\"text\" name=\"\" id=\"room-reservation-423e5c5886-rooms\" value=\"1 Room\" readonly=\"\">\n\t\t\t\t\t<\/div>\n\n\t\t\t\t\t<div class=\"csf-dropdown\">\n\t\t\t\t\t\t<div class=\"csf-dropdown-item\">\n\t\t\t\t\t\t\t<label class=\"cs-form-label\">Bedrooms<\/label>\n\n\t\t\t\t\t\t\t<div class=\"quantity cs-quantity\" data-label=\"room\">\n\t\t\t\t\t\t\t\t<label class=\"screen-reader-text\">Rooms quantity<\/label>\n\t\t\t\t\t\t\t\t<button class=\"minus disabled\"><\/button>\n\t\t\t\t\t\t\t\t<input type=\"text\" name=\"room-quantity\" value=\"1\" class=\"input-text\" autocomplete=\"off\" readonly=\"\" data-min=\"1\" data-max=\"50\">\n\t\t\t\t\t\t\t\t<button class=\"plus\"><\/button>\n\t\t\t\t\t\t\t<\/div>\n\t\t\t\t\t\t<\/div>\n\t\t\t\t\t<\/div>\n\t\t\t\t<\/div>\n\t\t\t<\/div>\t\t\t\t<div class=\"cs-form-field cs-guests cs-has-dropdown\">\n\t\t\t\t\t<div class=\"field-wrap\">\n\t\t\t\t\t\t<label class=\"cs-form-label\" for=\"room-reservation-423e5c5886-guests\">Guests<\/label>\n\n\t\t\t\t\t\t<div class=\"field-input-wrap has-dropdown\">\n\t\t\t\t\t\t\t<input type=\"text\" name=\"\" id=\"room-reservation-423e5c5886-guests\" value=\"1 Adult, 0 Children\" readonly=\"\">\n\t\t\t\t\t\t<\/div>\n\n\t\t\t\t\t\t<div class=\"csf-dropdown\">\t\t\t\t\t\t\t\t<div class=\"csf-dropdown-item\">\n\t\t\t\t\t\t\t\t\t<label class=\"cs-form-label\">Adults\t\t\t\t\t\t\t\t\t<\/label>\n\n\t\t\t\t\t\t\t\t\t<div class=\"quantity cs-quantity\" data-label=\"adult\">\n\t\t\t\t\t\t\t\t\t\t<label class=\"screen-reader-text\">Adults quantity<\/label>\n\t\t\t\t\t\t\t\t\t\t<button class=\"minus disabled\"><\/button>\n\t\t\t\t\t\t\t\t\t\t<input type=\"text\" name=\"adult-quantity\" value=\"1\" class=\"input-text\" autocomplete=\"off\" readonly=\"\" data-min=\"1\" data-max=\"50\">\n\t\t\t\t\t\t\t\t\t\t<button class=\"plus\"><\/button>\n\t\t\t\t\t\t\t\t\t<\/div>\n\t\t\t\t\t\t\t\t<\/div>\t\t\t\t\t\t\t\t<div class=\"csf-dropdown-item\">\n\t\t\t\t\t\t\t\t\t<label class=\"cs-form-label\">Children\t\t\t\t\t\t\t\t\t<\/label>\n\n\t\t\t\t\t\t\t\t\t<div class=\"quantity cs-quantity\" data-label=\"child\">\n\t\t\t\t\t\t\t\t\t\t<label class=\"screen-reader-text\">Children quantity<\/label>\n\t\t\t\t\t\t\t\t\t\t<button class=\"minus disabled\"><\/button>\n\t\t\t\t\t\t\t\t\t\t<input type=\"text\" name=\"child-quantity\" value=\"0\" class=\"input-text\" autocomplete=\"off\" readonly=\"\" data-min=\"0\" data-max=\"50\">\n\t\t\t\t\t\t\t\t\t\t<button class=\"plus\"><\/button>\n\t\t\t\t\t\t\t\t\t<\/div>\n\t\t\t\t\t\t\t\t<\/div>\t\t\t\t\t\t<\/div>\n\t\t\t\t\t<\/div>\n\t\t\t\t<\/div>\n\t\t\t\t<div class=\"cs-form-field cs-submit\">\n\t\t\t\t\t<div class=\"field-wrap\">\n\t\t\t\t\t\t<button class=\"button cs-btn-rounded\" role=\"button\" type=\"submit\">\n\t\t\t\t\t\t\t<span class=\"btn-text\">Booking<\/span>\n\t\t\t\t\t\t<\/button>\n\t\t\t\t\t<\/div>\n\t\t\t\t<\/div>\n\t\t\t\t<input type=\"hidden\" name=\"search_rooms\" value=\"\" \/>\n\t\t\t\t\t\t\t<input type=\"hidden\" name=\"trp-form-language\" value=\"en\"\/><\/form>\n\t\t\t\t\t<\/div>\t\t\t\t<\/div>\n\t\t\t\t<\/div>\n\t\t\t\t\t<\/div>\n\t\t<\/div>\n\t\t\t\t\t<\/div>\n\t\t<\/section>\n\t\t<div class=\"elementor-element elementor-element-a044f03 e-con-full e-flex e-con e-parent\" data-id=\"a044f03\" data-element_type=\"container\" data-e-type=\"container\" data-settings=\"{&quot;background_background&quot;:&quot;classic&quot;}\">\n\t\t\t\t<div class=\"elementor-element elementor-element-2a7612a elementor-widget elementor-widget-html\" data-id=\"2a7612a\" data-element_type=\"widget\" data-e-type=\"widget\" data-widget_type=\"html.default\">\n\t\t\t\t\t<div class=\"ibe\" data-region=\"emea\" data-channelcode=\"quintaaltodorio\" data-widget=\"embed\"><\/div>\t\t\t\t<\/div>\n\t\t\t\t<\/div>\n\t\t\t\t<section class=\"elementor-section elementor-top-section elementor-element elementor-element-318d3370 cs-section-content-fullwidth elementor-section-boxed elementor-section-height-default elementor-section-height-default\" data-id=\"318d3370\" data-element_type=\"section\" data-e-type=\"section\" data-settings=\"{&quot;background_background&quot;:&quot;classic&quot;}\">\n\t\t\t\t\t\t<div class=\"elementor-container elementor-column-gap-no\">\n\t\t\t\t\t<div class=\"elementor-column elementor-col-50 elementor-top-column elementor-element elementor-element-684aca18 dark-color\" data-id=\"684aca18\" data-element_type=\"column\" data-e-type=\"column\">\n\t\t\t<div class=\"elementor-widget-wrap elementor-element-populated\">\n\t\t\t\t\t\t<div class=\"elementor-element elementor-element-4e4cee9b elementor-widget elementor-widget-cs_title\" data-id=\"4e4cee9b\" data-element_type=\"widget\" data-e-type=\"widget\" data-widget_type=\"cs_title.default\">\n\t\t\t\t<div class=\"elementor-widget-container\">\n\t\t\t\t\t\n        <div class=\"cs-title-wrap\">\t            <div class=\"cs-subtitle-wrap\"><span class=\"cs-subtitle color-primary\">Comfortable stay experience<\/span><\/div>\t            <h5 class=\"cs-title\">\n\t                Most popular amenities\t            <\/h5>\t            <div class=\"cs-title-text\">\n\t                <p>The outdoor infinity pool offers an exceptional view of the river, where the blue of the pool, the river and the sky come together to create a unique visual experience.<br \/>The farm has an area of 2 hectares of forest, 3 hectares of cherry trees and 1 hectare of orchard, all in MPB - organic production method.<\/p>\t            <\/div>        <\/div>\t\t\t\t<\/div>\n\t\t\t\t<\/div>\n\t\t\t\t\t<\/div>\n\t\t<\/div>\n\t\t\t\t<div class=\"elementor-column elementor-col-25 elementor-top-column elementor-element elementor-element-3054a0ef dark-color\" data-id=\"3054a0ef\" data-element_type=\"column\" data-e-type=\"column\">\n\t\t\t<div class=\"elementor-widget-wrap elementor-element-populated\">\n\t\t\t\t\t\t<div class=\"elementor-element elementor-element-795caacc elementor-widget elementor-widget-cs_list\" data-id=\"795caacc\" data-element_type=\"widget\" data-e-type=\"widget\" data-widget_type=\"cs_list.default\">\n\t\t\t\t<div class=\"elementor-widget-container\">\n\t\t\t\t\t\n            <ul class=\"cs-list cs-list-type-unordered\">                <li>                        <span class=\"list-icon color-primary\">\n                            <svg aria-hidden=\"true\" class=\"e-font-icon-svg e-fas-plus\" viewbox=\"0 0 448 512\" xmlns=\"http:\/\/www.w3.org\/2000\/svg\"><path d=\"M416 208H272V64c0-17.67-14.33-32-32-32h-32c-17.67 0-32 14.33-32 32v144H32c-17.67 0-32 14.33-32 32v32c0 17.67 14.33 32 32 32h144v144c0 17.67 14.33 32 32 32h32c17.67 0 32-14.33 32-32V304h144c17.67 0 32-14.33 32-32v-32c0-17.67-14.33-32-32-32z\"><\/path><\/svg>                        <\/span>                    <span class=\"list-content\">Outdoor swimming pool<\/span>                <\/li>                <li>                        <span class=\"list-icon color-primary\">\n                            <svg aria-hidden=\"true\" class=\"e-font-icon-svg e-fas-plus\" viewbox=\"0 0 448 512\" xmlns=\"http:\/\/www.w3.org\/2000\/svg\"><path d=\"M416 208H272V64c0-17.67-14.33-32-32-32h-32c-17.67 0-32 14.33-32 32v144H32c-17.67 0-32 14.33-32 32v32c0 17.67 14.33 32 32 32h144v144c0 17.67 14.33 32 32 32h32c17.67 0 32-14.33 32-32V304h144c17.67 0 32-14.33 32-32v-32c0-17.67-14.33-32-32-32z\"><\/path><\/svg>                        <\/span>                    <span class=\"list-content\">Free WIFI<\/span>                <\/li>                <li>                        <span class=\"list-icon color-primary\">\n                            <svg aria-hidden=\"true\" class=\"e-font-icon-svg e-fas-plus\" viewbox=\"0 0 448 512\" xmlns=\"http:\/\/www.w3.org\/2000\/svg\"><path d=\"M416 208H272V64c0-17.67-14.33-32-32-32h-32c-17.67 0-32 14.33-32 32v144H32c-17.67 0-32 14.33-32 32v32c0 17.67 14.33 32 32 32h144v144c0 17.67 14.33 32 32 32h32c17.67 0 32-14.33 32-32V304h144c17.67 0 32-14.33 32-32v-32c0-17.67-14.33-32-32-32z\"><\/path><\/svg>                        <\/span>                    <span class=\"list-content\">LCD TV<\/span>                <\/li>                <li>                        <span class=\"list-icon color-primary\">\n                            <svg aria-hidden=\"true\" class=\"e-font-icon-svg e-fas-plus\" viewbox=\"0 0 448 512\" xmlns=\"http:\/\/www.w3.org\/2000\/svg\"><path d=\"M416 208H272V64c0-17.67-14.33-32-32-32h-32c-17.67 0-32 14.33-32 32v144H32c-17.67 0-32 14.33-32 32v32c0 17.67 14.33 32 32 32h144v144c0 17.67 14.33 32 32 32h32c17.67 0 32-14.33 32-32V304h144c17.67 0 32-14.33 32-32v-32c0-17.67-14.33-32-32-32z\"><\/path><\/svg>                        <\/span>                    <span class=\"list-content\">Air conditioning<\/span>                <\/li>                <li>                        <span class=\"list-icon color-primary\">\n                            <svg aria-hidden=\"true\" class=\"e-font-icon-svg e-fas-plus\" viewbox=\"0 0 448 512\" xmlns=\"http:\/\/www.w3.org\/2000\/svg\"><path d=\"M416 208H272V64c0-17.67-14.33-32-32-32h-32c-17.67 0-32 14.33-32 32v144H32c-17.67 0-32 14.33-32 32v32c0 17.67 14.33 32 32 32h144v144c0 17.67 14.33 32 32 32h32c17.67 0 32-14.33 32-32V304h144c17.67 0 32-14.33 32-32v-32c0-17.67-14.33-32-32-32z\"><\/path><\/svg>                        <\/span>                    <span class=\"list-content\">Mini Bar<\/span>                <\/li>                <li>                        <span class=\"list-icon color-primary\">\n                            <svg aria-hidden=\"true\" class=\"e-font-icon-svg e-fas-plus\" viewbox=\"0 0 448 512\" xmlns=\"http:\/\/www.w3.org\/2000\/svg\"><path d=\"M416 208H272V64c0-17.67-14.33-32-32-32h-32c-17.67 0-32 14.33-32 32v144H32c-17.67 0-32 14.33-32 32v32c0 17.67 14.33 32 32 32h144v144c0 17.67 14.33 32 32 32h32c17.67 0 32-14.33 32-32V304h144c17.67 0 32-14.33 32-32v-32c0-17.67-14.33-32-32-32z\"><\/path><\/svg>                        <\/span>                    <span class=\"list-content\">Hairdryer<\/span>                <\/li>            <\/ul>\t\t\t\t<\/div>\n\t\t\t\t<\/div>\n\t\t\t\t\t<\/div>\n\t\t<\/div>\n\t\t\t\t<div class=\"elementor-column elementor-col-25 elementor-top-column elementor-element elementor-element-31b79321 dark-color\" data-id=\"31b79321\" data-element_type=\"column\" data-e-type=\"column\">\n\t\t\t<div class=\"elementor-widget-wrap elementor-element-populated\">\n\t\t\t\t\t\t<div class=\"elementor-element elementor-element-1f9c6274 elementor-widget elementor-widget-cs_list\" data-id=\"1f9c6274\" data-element_type=\"widget\" data-e-type=\"widget\" data-widget_type=\"cs_list.default\">\n\t\t\t\t<div class=\"elementor-widget-container\">\n\t\t\t\t\t\n            <ul class=\"cs-list cs-list-type-unordered\">                <li>                        <span class=\"list-icon color-primary\">\n                            <svg aria-hidden=\"true\" class=\"e-font-icon-svg e-fas-plus\" viewbox=\"0 0 448 512\" xmlns=\"http:\/\/www.w3.org\/2000\/svg\"><path d=\"M416 208H272V64c0-17.67-14.33-32-32-32h-32c-17.67 0-32 14.33-32 32v144H32c-17.67 0-32 14.33-32 32v32c0 17.67 14.33 32 32 32h144v144c0 17.67 14.33 32 32 32h32c17.67 0 32-14.33 32-32V304h144c17.67 0 32-14.33 32-32v-32c0-17.67-14.33-32-32-32z\"><\/path><\/svg>                        <\/span>                    <span class=\"list-content\">Safe<\/span>                <\/li>                <li>                        <span class=\"list-icon color-primary\">\n                            <svg aria-hidden=\"true\" class=\"e-font-icon-svg e-fas-plus\" viewbox=\"0 0 448 512\" xmlns=\"http:\/\/www.w3.org\/2000\/svg\"><path d=\"M416 208H272V64c0-17.67-14.33-32-32-32h-32c-17.67 0-32 14.33-32 32v144H32c-17.67 0-32 14.33-32 32v32c0 17.67 14.33 32 32 32h144v144c0 17.67 14.33 32 32 32h32c17.67 0 32-14.33 32-32V304h144c17.67 0 32-14.33 32-32v-32c0-17.67-14.33-32-32-32z\"><\/path><\/svg>                        <\/span>                    <span class=\"list-content\">Towels<\/span>                <\/li>                <li>                        <span class=\"list-icon color-primary\">\n                            <svg aria-hidden=\"true\" class=\"e-font-icon-svg e-fas-plus\" viewbox=\"0 0 448 512\" xmlns=\"http:\/\/www.w3.org\/2000\/svg\"><path d=\"M416 208H272V64c0-17.67-14.33-32-32-32h-32c-17.67 0-32 14.33-32 32v144H32c-17.67 0-32 14.33-32 32v32c0 17.67 14.33 32 32 32h144v144c0 17.67 14.33 32 32 32h32c17.67 0 32-14.33 32-32V304h144c17.67 0 32-14.33 32-32v-32c0-17.67-14.33-32-32-32z\"><\/path><\/svg>                        <\/span>                    <span class=\"list-content\">Shampoo<\/span>                <\/li>                <li>                        <span class=\"list-icon color-primary\">\n                            <svg aria-hidden=\"true\" class=\"e-font-icon-svg e-fas-plus\" viewbox=\"0 0 448 512\" xmlns=\"http:\/\/www.w3.org\/2000\/svg\"><path d=\"M416 208H272V64c0-17.67-14.33-32-32-32h-32c-17.67 0-32 14.33-32 32v144H32c-17.67 0-32 14.33-32 32v32c0 17.67 14.33 32 32 32h144v144c0 17.67 14.33 32 32 32h32c17.67 0 32-14.33 32-32V304h144c17.67 0 32-14.33 32-32v-32c0-17.67-14.33-32-32-32z\"><\/path><\/svg>                        <\/span>                    <span class=\"list-content\">Secretary<\/span>                <\/li>            <\/ul>\t\t\t\t<\/div>\n\t\t\t\t<\/div>\n\t\t\t\t\t<\/div>\n\t\t<\/div>\n\t\t\t\t\t<\/div>\n\t\t<\/section>\n\t\t\t\t<section class=\"elementor-section elementor-top-section elementor-element elementor-element-6561b94 cs-section-content-fullwidth elementor-section-boxed elementor-section-height-default elementor-section-height-default\" data-id=\"6561b94\" data-element_type=\"section\" data-e-type=\"section\" data-settings=\"{&quot;background_background&quot;:&quot;classic&quot;}\">\n\t\t\t\t\t\t<div class=\"elementor-container elementor-column-gap-no\">\n\t\t\t\t\t<div class=\"elementor-column elementor-col-100 elementor-top-column elementor-element elementor-element-172dd41\" data-id=\"172dd41\" data-element_type=\"column\" data-e-type=\"column\">\n\t\t\t<div class=\"elementor-widget-wrap elementor-element-populated\">\n\t\t\t\t\t\t<div class=\"elementor-element elementor-element-cf55257 elementor-widget elementor-widget-cs_title\" data-id=\"cf55257\" data-element_type=\"widget\" data-e-type=\"widget\" data-widget_type=\"cs_title.default\">\n\t\t\t\t<div class=\"elementor-widget-container\">\n\t\t\t\t\t\n        <div class=\"cs-title-wrap text-center\">\t            <div class=\"cs-subtitle-wrap\"><span class=\"cs-subtitle color-primary\">Rest at ease<\/span><\/div>\t            <h2 class=\"cs-title color-secondary\">\n\t                Services, treatments and amenities\t            <\/h2>        <\/div>\t\t\t\t<\/div>\n\t\t\t\t<\/div>\n\t\t\t\t<div class=\"elementor-element elementor-element-5a88f07 elementor-widget elementor-widget-cs_info_box\" data-id=\"5a88f07\" data-element_type=\"widget\" data-e-type=\"widget\" data-widget_type=\"cs_info_box.default\">\n\t\t\t\t<div class=\"elementor-widget-container\">\n\t\t\t\t\t\n\t\t\t<div class=\"cs-info-box column-4 valign-top img-top text-center\">\n                <div class=\"cs-info-box-wrap\">                    <div class=\"cs-info-box-item elementor-repeater-item-cccff81\">\n                    \t<div class=\"cs-item-container\">\t                        <div class=\"cs-info-box-img\"><i aria-hidden=\"true\" class=\"flaticon flaticon-car\"><\/i>\t                        <\/div>\t                        <div class=\"cs-info-box-content\">\n\t                            <h5 class=\"cs-title cs-info-box-title\">Airport Pick-up\t\t\t\t\t\t\t\t<\/h5>\t                            \t<div class=\"cs-info-box-text\"><p>Transport to the farm <br>(per booking)<\/p><\/div>\t                        <\/div>\t                    <\/div>\n                    <\/div>                    <div class=\"cs-info-box-item elementor-repeater-item-55da29c\">\n                    \t<div class=\"cs-item-container\">\t                        <div class=\"cs-info-box-img\"><i aria-hidden=\"true\" class=\"flaticon flaticon-breakfast-3\"><\/i>\t                        <\/div>\t                        <div class=\"cs-info-box-content\">\n\t                            <h5 class=\"cs-title cs-info-box-title\">Breakfast\t\t\t\t\t\t\t\t<\/h5>\t                            \t<div class=\"cs-info-box-text\"><p>Buffet breakfast service<\/p><\/div>\t                        <\/div>\t                    <\/div>\n                    <\/div>                    <div class=\"cs-info-box-item elementor-repeater-item-0c543af\">\n                    \t<div class=\"cs-item-container\">\t                        <div class=\"cs-info-box-img\"><i aria-hidden=\"true\" class=\"flaticon flaticon-2-pet\"><\/i>\t                        <\/div>\t                        <div class=\"cs-info-box-content\">\n\t                            <h5 class=\"cs-title cs-info-box-title\">Pet Friendly\t\t\t\t\t\t\t\t<\/h5>\t                            \t<div class=\"cs-info-box-text\"><p>Your pet is welcome<\/p><\/div>\t                        <\/div>\t                    <\/div>\n                    <\/div>                    <div class=\"cs-info-box-item elementor-repeater-item-af61695\">\n                    \t<div class=\"cs-item-container\">\t                        <div class=\"cs-info-box-img\"><i aria-hidden=\"true\" class=\"flaticon flaticon-dinner\"><\/i>\t                        <\/div>\t                        <div class=\"cs-info-box-content\">\n\t                            <h5 class=\"cs-title cs-info-box-title\">Gastronomy\t\t\t\t\t\t\t\t<\/h5>\t                            \t<div class=\"cs-info-box-text\"><p>Enjoy our chef's recipes<\/p><\/div>\t                        <\/div>\t                    <\/div>\n                    <\/div>\t\t\t\t<\/div>\n\t\t\t<\/div>\t\t\t\t<\/div>\n\t\t\t\t<\/div>\n\t\t\t\t\t<\/div>\n\t\t<\/div>\n\t\t\t\t\t<\/div>\n\t\t<\/section>\n\t\t\t\t<\/div>","protected":false},"excerpt":{"rendered":"<p>Check In Check Out Quartos Quartos Rooms quantity H\u00f3spedes Adultos Adults quantity Crian\u00e7as Children quantity Reservar Experi\u00eancia de estadia confort\u00e1vel Comodidades mais Populares A piscina ao ar livre, de borda infinita, oferece uma excecional vista para o rio, numa panor\u00e2mica onde o azul da piscina, do rio e do c\u00e9u se unem, criando uma experi\u00eancia &#8230;<\/p>","protected":false},"author":1,"featured_media":0,"parent":0,"menu_order":0,"comment_status":"closed","ping_status":"closed","template":"template-wide-content.php","meta":{"cozystay_single_page_hide_site_header":"","cozystay_single_page_site_header_source":"","cozystay_single_page_custom_site_header":"0","cozystay_single_page_custom_sticky_site_header":"0","cozystay_single_page_hide_page_title":"on","cozystay_single_page_header_section_size":"","cozystay_single_page_header_background_color":"","cozystay_single_page_header_background_position_x":"center","cozystay_single_page_header_background_position_y":"center","cozystay_single_page_header_background_size":"cover","cozystay_single_page_header_background_repeat":"off","cozystay_single_page_header_background_scroll":"on","cozystay_single_page_header_text_color":"","cozystay_single_page_header_show_breadcrumb":"","cozystay_single_page_site_footer_hide_main":"","cozystay_single_custom_site_footer_main_source":"","cozystay_single_custom_site_footer_main":"0","cozystay_single_page_site_footer_hide_above":"","cozystay_single_custom_site_footer_above_source":"","cozystay_single_custom_site_footer_above":"0","cozystay_single_page_site_footer_hide_instagram":"","cozystay_single_page_site_footer_hide_bottom":"","cozystay_single_custom_mobile_menu_source":"","cozystay_single_custom_mobile_menu":"0","cozystay_single_custom_mobile_menu_animation":"","cozystay_single_custom_mobile_menu_width":"","cozystay_single_custom_mobile_menu_custom_width":375,"footnotes":""},"class_list":["post-67","page","type-page","status-publish","hentry"],"_links":{"self":[{"href":"https:\/\/quintaaltodorio.pt\/en\/wp-json\/wp\/v2\/pages\/67","targetHints":{"allow":["GET"]}}],"collection":[{"href":"https:\/\/quintaaltodorio.pt\/en\/wp-json\/wp\/v2\/pages"}],"about":[{"href":"https:\/\/quintaaltodorio.pt\/en\/wp-json\/wp\/v2\/types\/page"}],"author":[{"embeddable":true,"href":"https:\/\/quintaaltodorio.pt\/en\/wp-json\/wp\/v2\/users\/1"}],"replies":[{"embeddable":true,"href":"https:\/\/quintaaltodorio.pt\/en\/wp-json\/wp\/v2\/comments?post=67"}],"version-history":[{"count":10,"href":"https:\/\/quintaaltodorio.pt\/en\/wp-json\/wp\/v2\/pages\/67\/revisions"}],"predecessor-version":[{"id":3311,"href":"https:\/\/quintaaltodorio.pt\/en\/wp-json\/wp\/v2\/pages\/67\/revisions\/3311"}],"wp:attachment":[{"href":"https:\/\/quintaaltodorio.pt\/en\/wp-json\/wp\/v2\/media?parent=67"}],"curies":[{"name":"wp","href":"https:\/\/api.w.org\/{rel}","templated":true}]}}