{"id":2806,"date":"2025-11-18T17:42:30","date_gmt":"2025-11-18T17:42:30","guid":{"rendered":"https:\/\/quintaaltodorio.pt\/?page_id=2806"},"modified":"2026-05-07T15:18:47","modified_gmt":"2026-05-07T14:18:47","slug":"eventos","status":"publish","type":"page","link":"https:\/\/quintaaltodorio.pt\/fr\/eventos\/","title":{"rendered":"Ev\u00e9nements"},"content":{"rendered":"\t\t<div data-elementor-type=\"wp-page\" data-elementor-id=\"2806\" class=\"elementor elementor-2806\" data-elementor-post-type=\"page\">\n\t\t\t\t<div class=\"elementor-element elementor-element-4af25cc cs-section-content-fullwidth cs-parallax-on-scroll cs_scroll_y_100 e-flex e-con-boxed e-con e-parent\" data-id=\"4af25cc\" data-element_type=\"container\" data-e-type=\"container\" data-settings=\"{&quot;background_background&quot;:&quot;classic&quot;}\" data-cs-parallax-y=\"100\" style=\"background-image: none;\" data-cs-background-image=\"https:\/\/quintaaltodorio.pt\/wp-content\/uploads\/2025\/12\/abertura-1.jpg\" data-cs-background-image-alt-text=\"\">\n\t\t\t\t\t<div class=\"e-con-inner\">\n\t\t<div class=\"elementor-element elementor-element-696b8af dark-color e-con-full e-flex e-con e-child\" data-id=\"696b8af\" data-element_type=\"container\" data-e-type=\"container\">\n\t\t\t\t<div class=\"elementor-element elementor-element-59a214f elementor-widget elementor-widget-cs_title\" data-id=\"59a214f\" data-element_type=\"widget\" data-e-type=\"widget\" data-widget_type=\"cs_title.default\">\n\t\t\t\t<div class=\"elementor-widget-container\">\n\t\t\t\t\t\n        <div class=\"cs-title-wrap text-center\">\t            <h1 class=\"cs-title\">\n\t                Eventos\t            <\/h1>        <\/div>\t\t\t\t<\/div>\n\t\t\t\t<\/div>\n\t\t\t\t<\/div>\n\t\t\t\t\t<\/div>\n\t\t\t\t<\/div>\n\t\t<div class=\"elementor-element elementor-element-0ff9567 cs-section-content-fullwidth e-flex e-con-boxed e-con e-parent\" data-id=\"0ff9567\" data-element_type=\"container\" data-e-type=\"container\" data-settings=\"{&quot;background_background&quot;:&quot;classic&quot;}\">\n\t\t\t\t\t<div class=\"e-con-inner\">\n\t\t<div class=\"elementor-element elementor-element-0a6defb e-con-full e-flex e-con e-child\" data-id=\"0a6defb\" data-element_type=\"container\" data-e-type=\"container\">\n\t\t<div class=\"elementor-element elementor-element-05f31e0 e-con-full e-flex e-con e-child\" data-id=\"05f31e0\" data-element_type=\"container\" data-e-type=\"container\">\n\t\t\t\t<div class=\"elementor-element elementor-element-f951a3c cs-animation-small-offset elementor-invisible elementor-widget elementor-widget-image\" data-id=\"f951a3c\" data-element_type=\"widget\" data-e-type=\"widget\" data-settings=\"{&quot;_animation&quot;:&quot;fadeInUp&quot;}\" data-widget_type=\"image.default\">\n\t\t\t\t\t\t\t\t\t\t\t\t\t\t\t<img fetchpriority=\"high\" decoding=\"async\" width=\"1500\" height=\"1000\" src=\"https:\/\/quintaaltodorio.pt\/wp-content\/uploads\/2025\/11\/2517.jpg\" class=\"attachment-full size-full wp-image-2826\" alt=\"\" srcset=\"https:\/\/quintaaltodorio.pt\/wp-content\/uploads\/2025\/11\/2517.jpg 1500w, https:\/\/quintaaltodorio.pt\/wp-content\/uploads\/2025\/11\/2517-300x200.jpg 300w, https:\/\/quintaaltodorio.pt\/wp-content\/uploads\/2025\/11\/2517-1024x683.jpg 1024w, https:\/\/quintaaltodorio.pt\/wp-content\/uploads\/2025\/11\/2517-768x512.jpg 768w, https:\/\/quintaaltodorio.pt\/wp-content\/uploads\/2025\/11\/2517-1440x960.jpg 1440w, https:\/\/quintaaltodorio.pt\/wp-content\/uploads\/2025\/11\/2517-1200x800.jpg 1200w, https:\/\/quintaaltodorio.pt\/wp-content\/uploads\/2025\/11\/2517-780x520.jpg 780w, https:\/\/quintaaltodorio.pt\/wp-content\/uploads\/2025\/11\/2517-600x400.jpg 600w, https:\/\/quintaaltodorio.pt\/wp-content\/uploads\/2025\/11\/2517-550x367.jpg 550w, https:\/\/quintaaltodorio.pt\/wp-content\/uploads\/2025\/11\/2517-370x247.jpg 370w, https:\/\/quintaaltodorio.pt\/wp-content\/uploads\/2025\/11\/2517-255x170.jpg 255w, https:\/\/quintaaltodorio.pt\/wp-content\/uploads\/2025\/11\/2517-150x100.jpg 150w\" sizes=\"(max-width: 1500px) 100vw, 1500px\" \/>\t\t\t\t\t\t\t\t\t\t\t\t\t\t\t<\/div>\n\t\t\t\t<\/div>\n\t\t\t\t<\/div>\n\t\t<div class=\"elementor-element elementor-element-c2d4d41 e-con-full e-flex e-con e-child\" data-id=\"c2d4d41\" data-element_type=\"container\" data-e-type=\"container\">\n\t\t\t\t<div class=\"elementor-element elementor-element-24bbc43 elementor-widget elementor-widget-cs_title\" data-id=\"24bbc43\" data-element_type=\"widget\" data-e-type=\"widget\" data-widget_type=\"cs_title.default\">\n\t\t\t\t<div class=\"elementor-widget-container\">\n\t\t\t\t\t\n        <div class=\"cs-title-wrap\">\t            <h3 class=\"cs-title color-secondary\">\n\t                TUDO SER\u00c1 PERFEITO\t            <\/h3>\t            <div class=\"cs-title-text\">\n\t                <p>A Quinta Alto do Rio tem ao seu dispor todos os servi\u00e7os necess\u00e1rios para que o seu evento particular ou corporativo decorra da melhor maneira poss\u00edvel.<\/p><p>Casamentos, batizados, anivers\u00e1rios, jantares rom\u00e2nticos ou qualquer outro evento que idealize. Confer\u00eancias, workshops, team buildings &amp; More.<\/p><p>No Lounge com vistas para o rio, em casa junto \u00e0 lareira ou no jardim, registe mem\u00f3rias inesquec\u00edveis.<\/p><p>A escolha \u00e9 sua, o profissionalismo \u00e9 nosso!<\/p>\t            <\/div>        <\/div>\t\t\t\t<\/div>\n\t\t\t\t<\/div>\n\t\t\t\t<\/div>\n\t\t\t\t\t<\/div>\n\t\t\t\t<\/div>\n\t\t<div class=\"elementor-element elementor-element-f30ddec e-con-full e-flex elementor-invisible e-con e-parent\" data-id=\"f30ddec\" data-element_type=\"container\" data-e-type=\"container\" data-settings=\"{&quot;animation&quot;:&quot;fadeIn&quot;,&quot;animation_delay&quot;:200}\">\n\t\t<div class=\"elementor-element elementor-element-661f362 e-con-full e-flex e-con e-child\" data-id=\"661f362\" data-element_type=\"container\" data-e-type=\"container\" data-settings=\"{&quot;background_background&quot;:&quot;classic&quot;}\">\n\t\t<div class=\"elementor-element elementor-element-c99c348 e-con-full e-flex e-con e-child\" data-id=\"c99c348\" data-element_type=\"container\" data-e-type=\"container\">\n\t\t<div class=\"elementor-element elementor-element-719f402 e-con-full e-flex e-con e-child\" data-id=\"719f402\" data-element_type=\"container\" data-e-type=\"container\">\n\t\t\t\t<div class=\"elementor-element elementor-element-ad0ad42 elementor-widget elementor-widget-cs_title\" data-id=\"ad0ad42\" data-element_type=\"widget\" data-e-type=\"widget\" data-widget_type=\"cs_title.default\">\n\t\t\t\t<div class=\"elementor-widget-container\">\n\t\t\t\t\t\n        <div class=\"cs-title-wrap text-center\">\t            <h6 class=\"cs-title color-secondary\">\n\t                CATERING EXCLUSIVO\t            <\/h6>\t            <div class=\"cs-title-text\">\n\t                <p>Com um servi\u00e7o de\u00a0<strong>Catering Exclusivo<\/strong> prove os sabores tradicionais da gastronomia local, os quais se fundem harmoniosamente com a cozinha mediterr\u00e2nica.<\/p>\t            <\/div>        <\/div>\t\t\t\t<\/div>\n\t\t\t\t<\/div>\n\t\t\t\t<\/div>\n\t\t\t\t<\/div>\n\t\t<div class=\"elementor-element elementor-element-69bb196 e-con-full e-flex e-con e-child\" data-id=\"69bb196\" data-element_type=\"container\" data-e-type=\"container\" data-settings=\"{&quot;background_background&quot;:&quot;classic&quot;}\">\n\t\t<div class=\"elementor-element elementor-element-4038130 e-con-full e-flex e-con e-child\" data-id=\"4038130\" data-element_type=\"container\" data-e-type=\"container\">\n\t\t\t\t<\/div>\n\t\t\t\t<\/div>\n\t\t\t\t<\/div>\n\t\t<div class=\"elementor-element elementor-element-9fc82f6 dark-color e-con-full e-flex e-con e-child\" data-id=\"9fc82f6\" data-element_type=\"container\" data-e-type=\"container\" data-settings=\"{&quot;background_background&quot;:&quot;classic&quot;}\">\n\t\t\t\t<div class=\"elementor-element elementor-element-5511351 elementor-widget elementor-widget-cs_title\" data-id=\"5511351\" data-element_type=\"widget\" data-e-type=\"widget\" data-widget_type=\"cs_title.default\">\n\t\t\t\t<div class=\"elementor-widget-container\">\n\t\t\t\t\t\n        <div class=\"cs-title-wrap text-center\">\t            <h4 class=\"cs-title\">\n\t                DECORA\u00c7\u00c3O EXCLUSIVA E PERSONALIZADA\t            <\/h4>\t            <div class=\"cs-title-text\">\n\t                <p>O servi\u00e7o de decora\u00e7\u00e3o exclusivo e personalizado, tornam o seu evento \u00fanico.<\/p>\t            <\/div>        <\/div>\t\t\t\t<\/div>\n\t\t\t\t<\/div>\n\t\t\t\t<\/div>\n\t\t<div class=\"elementor-element elementor-element-b6dc4ef e-con-full e-flex e-con e-child\" data-id=\"b6dc4ef\" data-element_type=\"container\" data-e-type=\"container\" data-settings=\"{&quot;background_background&quot;:&quot;classic&quot;}\">\n\t\t<div class=\"elementor-element elementor-element-6bf99d1 e-con-full e-flex e-con e-child\" data-id=\"6bf99d1\" data-element_type=\"container\" data-e-type=\"container\">\n\t\t<div class=\"elementor-element elementor-element-d36af01 e-con-full e-flex e-con e-child\" data-id=\"d36af01\" data-element_type=\"container\" data-e-type=\"container\">\n\t\t\t\t<div class=\"elementor-element elementor-element-1211695 elementor-widget elementor-widget-cs_title\" data-id=\"1211695\" data-element_type=\"widget\" data-e-type=\"widget\" data-widget_type=\"cs_title.default\">\n\t\t\t\t<div class=\"elementor-widget-container\">\n\t\t\t\t\t\n        <div class=\"cs-title-wrap text-center\">\t            <h6 class=\"cs-title color-secondary\">\n\t                SERVI\u00c7OS ADICIONAIS\t            <\/h6>\t            <div class=\"cs-title-text\">\n\t                <p>Apoiamos na sele\u00e7\u00e3o de\u00a0m\u00fasicos e\u00a0<em>DJ<\/em>, fot\u00f3grafo, realizador de v\u00eddeo, animadores, hospedeiras para apoio geral e\u00a0<em>babysitting.<\/em><\/p>\t            <\/div>        <\/div>\t\t\t\t<\/div>\n\t\t\t\t<\/div>\n\t\t\t\t<\/div>\n\t\t\t\t<\/div>\n\t\t<div class=\"elementor-element elementor-element-1c3dfdb e-con-full e-flex e-con e-child\" data-id=\"1c3dfdb\" data-element_type=\"container\" data-e-type=\"container\" data-settings=\"{&quot;background_background&quot;:&quot;classic&quot;}\">\n\t\t<div class=\"elementor-element elementor-element-c44b8f9 e-con-full e-flex e-con e-child\" data-id=\"c44b8f9\" data-element_type=\"container\" data-e-type=\"container\">\n\t\t\t\t<\/div>\n\t\t\t\t<\/div>\n\t\t\t\t<\/div>\n\t\t\t\t<\/div>\n\t\t<div class=\"elementor-element elementor-element-4b81c05 cs-section-content-fullwidth e-flex e-con-boxed e-con e-parent\" data-id=\"4b81c05\" data-element_type=\"container\" data-e-type=\"container\" data-settings=\"{&quot;background_background&quot;:&quot;classic&quot;}\">\n\t\t\t\t\t<div class=\"e-con-inner\">\n\t\t<div class=\"elementor-element elementor-element-82b7f5d dark-color e-con-full e-flex e-con e-child\" data-id=\"82b7f5d\" data-element_type=\"container\" data-e-type=\"container\">\n\t\t\t\t<div class=\"elementor-element elementor-element-87d9029 elementor-widget elementor-widget-cs_title\" data-id=\"87d9029\" data-element_type=\"widget\" data-e-type=\"widget\" data-widget_type=\"cs_title.default\">\n\t\t\t\t<div class=\"elementor-widget-container\">\n\t\t\t\t\t\n        <div class=\"cs-title-wrap text-center\">\t            <div class=\"cs-subtitle-wrap\"><span class=\"cs-subtitle color-primary\">Tem mais quest\u00f5es?<\/span><\/div>\t            <h6 class=\"cs-title color-secondary\">\n\t                Fa\u00e7a aqui a sua reserva\t            <\/h6>        <\/div>\t\t\t\t<\/div>\n\t\t\t\t<\/div>\n\t\t\t\t<div class=\"elementor-element elementor-element-c01e5d8 eael-wpforms-form-button-full-width eael-wpforms-labels-yes elementor-widget elementor-widget-eael-wpforms\" data-id=\"c01e5d8\" data-element_type=\"widget\" data-e-type=\"widget\" data-widget_type=\"eael-wpforms.default\">\n\t\t\t\t\t            <div class=\"eael-contact-form eael-wpforms eael-wpforms-align-default\">\n                                <div class=\"wpforms-container wpforms-container-full wpforms-render-modern\" id=\"wpforms-3342\"><form id=\"wpforms-form-3342\" class=\"wpforms-validate wpforms-form wpforms-ajax-form\" data-formid=\"3342\" method=\"post\" enctype=\"multipart\/form-data\" action=\"\/fr\/wp-json\/wp\/v2\/pages\/2806\" data-token=\"27054edf62507ea5a4cf57abda759faf\" data-token-time=\"1778676075\"><noscript class=\"wpforms-error-noscript\">Veuillez activer JavaScript dans votre navigateur pour remplir ce formulaire.<\/noscript><div id=\"wpforms-error-noscript\" style=\"display: none;\">Veuillez activer JavaScript dans votre navigateur pour remplir ce formulaire.<\/div><div class=\"wpforms-field-container\">\t\t<div id=\"wpforms-3342-field_5-container\"\n\t\t\tclass=\"wpforms-field wpforms-field-text\"\n\t\t\tdata-field-type=\"text\"\n\t\t\tdata-field-id=\"5\"\n\t\t\t>\n\t\t\t<label class=\"wpforms-field-label\" for=\"wpforms-3342-field_5\" >(opcional) Email Contactos<\/label>\n\t\t\t<input type=\"text\" id=\"wpforms-3342-field_5\" class=\"wpforms-field-medium\" name=\"wpforms[fields][5]\" >\n\t\t<\/div>\n\t\t<div id=\"wpforms-3342-field_1-container\" class=\"wpforms-field wpforms-field-name\" data-field-id=\"1\"><label class=\"wpforms-field-label\" for=\"wpforms-3342-field_1\">Nome <span class=\"wpforms-required-label\" aria-hidden=\"true\">*<\/span><\/label><input type=\"text\" id=\"wpforms-3342-field_1\" class=\"wpforms-field-large wpforms-field-required\" name=\"wpforms[fields][1]\" placeholder=\"Nome\" aria-errormessage=\"wpforms-3342-field_1-error\" required><\/div><div id=\"wpforms-3342-field_2-container\" class=\"wpforms-field wpforms-field-layout\" data-field-id=\"2\"><div class=\"wpforms-field-layout-rows wpforms-field-large\"><div class=\"wpforms-layout-row\"><div class=\"wpforms-layout-column wpforms-layout-column-50\"><div id=\"wpforms-3342-field_3-container\" class=\"wpforms-field wpforms-field-phone\" data-field-id=\"3\"><label class=\"wpforms-field-label\" for=\"wpforms-3342-field_3\">Contacto <span class=\"wpforms-required-label\" aria-hidden=\"true\">*<\/span><\/label><input type=\"tel\" id=\"wpforms-3342-field_3\" class=\"wpforms-field-medium wpforms-field-required wpforms-smart-phone-field\" data-rule-smart-phone-field=\"true\" name=\"wpforms[fields][3]\" placeholder=\"Contacto\" aria-label=\"Contacto\" aria-errormessage=\"wpforms-3342-field_3-error\" required><\/div><\/div><div class=\"wpforms-layout-column wpforms-layout-column-50\"><div id=\"wpforms-3342-field_4-container\" class=\"wpforms-field wpforms-field-email\" data-field-id=\"4\"><label class=\"wpforms-field-label\" for=\"wpforms-3342-field_4\">Email <span class=\"wpforms-required-label\" aria-hidden=\"true\">*<\/span><\/label><input type=\"email\" id=\"wpforms-3342-field_4\" class=\"wpforms-field-medium wpforms-field-required\" name=\"wpforms[fields][4]\" placeholder=\"Email\" spellcheck=\"false\" aria-errormessage=\"wpforms-3342-field_4-error\" required><\/div><\/div><\/div><\/div><\/div><div id=\"wpforms-3342-field_12-container\" class=\"wpforms-field wpforms-field-layout\" data-field-id=\"12\"><div class=\"wpforms-field-layout-rows wpforms-field-large\"><div class=\"wpforms-layout-row\"><div class=\"wpforms-layout-column wpforms-layout-column-50\"><div id=\"wpforms-3342-field_7-container\" class=\"wpforms-field wpforms-field-date-time\" data-field-id=\"7\"><label class=\"wpforms-field-label\" for=\"wpforms-3342-field_7\">Data do evento <span class=\"wpforms-required-label\" aria-hidden=\"true\">*<\/span><\/label><div class=\"wpforms-datepicker-wrap\"><input type=\"text\" id=\"wpforms-3342-field_7\" class=\"wpforms-field-date-time-date wpforms-datepicker wpforms-field-required wpforms-field-medium\" data-date-format=\"d\/m\/Y\" data-disable-past-dates=\"1\" data-disable-todays-date=\"0\" data-input=\"true\" name=\"wpforms[fields][7][date]\" placeholder=\"dd\/mm\/aaaa\" aria-errormessage=\"wpforms-3342-field_7-error\" required><a title=\"Clear Date\" data-clear role=\"button\" tabindex=\"0\" class=\"wpforms-datepicker-clear\" aria-label=\"Clear Date\" style=\"display:none;\"><\/a><\/div><\/div><\/div><div class=\"wpforms-layout-column wpforms-layout-column-50\"><div id=\"wpforms-3342-field_18-container\" class=\"wpforms-field wpforms-field-number\" data-field-id=\"18\"><label class=\"wpforms-field-label\" for=\"wpforms-3342-field_18\">Participantes<\/label><input type=\"number\" id=\"wpforms-3342-field_18\" class=\"wpforms-field-medium\" name=\"wpforms[fields][18]\" value=\"1\" min=\"1\" max=\"10\" step=\"any\" aria-errormessage=\"wpforms-3342-field_18-error\" ><\/div><\/div><\/div><\/div><\/div><div id=\"wpforms-3342-field_9-container\" class=\"wpforms-field wpforms-field-textarea\" data-field-id=\"9\"><label class=\"wpforms-field-label\" for=\"wpforms-3342-field_9\">Mensagem (opcional)<\/label><textarea id=\"wpforms-3342-field_9\" class=\"wpforms-field-medium\" name=\"wpforms[fields][9]\" aria-errormessage=\"wpforms-3342-field_9-error\" ><\/textarea><\/div><div id=\"wpforms-3342-field_10-container\" class=\"wpforms-field wpforms-field-gdpr-checkbox\" data-field-id=\"10\"><label class=\"wpforms-field-label wpforms-label-hide\" aria-hidden=\"false\">RGPD <span class=\"wpforms-required-label\" aria-hidden=\"true\">*<\/span><\/label><ul id=\"wpforms-3342-field_10\" class=\"wpforms-field-required\"><li class=\"choice-1\"><input type=\"checkbox\" id=\"wpforms-3342-field_10_1\" name=\"wpforms[fields][10][]\" value=\"Confirmo que li e aceito a &lt;a href=&quot;https:\/\/www.quintaaltodorio.pt\/politica-de-privacidade\/&quot; target=&quot;_blank&quot;&gt;Pol\u00edtica de Privacidade&lt;\/a&gt;.\" aria-errormessage=\"wpforms-3342-field_10_1-error\" required ><label class=\"wpforms-field-label-inline\" for=\"wpforms-3342-field_10_1\">Confirmo que li e aceito a <a href=\"https:\/\/www.quintaaltodorio.pt\/politica-de-privacidade\/\" target=\"_blank\">Pol\u00edtica de Privacidade<\/a>. <span class=\"wpforms-required-label\" aria-hidden=\"true\">*<\/span><\/label><\/li><\/ul><\/div><script>\n\t\t\t\t( function() {\n\t\t\t\t\tconst style = document.createElement( 'style' );\n\t\t\t\t\tstyle.appendChild( document.createTextNode( '#wpforms-3342-field_5-container { position: absolute !important; overflow: hidden !important; display: inline !important; height: 1px !important; width: 1px !important; z-index: -1000 !important; padding: 0 !important; } #wpforms-3342-field_5-container input { visibility: hidden; } #wpforms-conversational-form-page #wpforms-3342-field_5-container label { counter-increment: none; }' ) );\n\t\t\t\t\tdocument.head.appendChild( style );\n\t\t\t\t\tdocument.currentScript?.remove();\n\t\t\t\t} )();\n\t\t\t<\/script><\/div><!-- .wpforms-field-container --><div class=\"wpforms-submit-container\" ><input type=\"hidden\" name=\"wpforms[id]\" value=\"3342\"><input type=\"hidden\" name=\"page_title\" value=\"\"><input type=\"hidden\" name=\"page_url\" value=\"https:\/\/quintaaltodorio.pt\/fr\/wp-json\/wp\/v2\/pages\/2806\"><input type=\"hidden\" name=\"url_referer\" value=\"\"><button type=\"submit\" name=\"wpforms[submit]\" id=\"wpforms-submit-3342\" class=\"wpforms-submit\" data-alt-text=\"A enviar...\" data-submit-text=\"Submeter\" aria-live=\"assertive\" value=\"wpforms-submit\">Submeter<\/button><img decoding=\"async\" src=\"https:\/\/quintaaltodorio.pt\/wp-content\/plugins\/wpforms\/assets\/images\/submit-spin.svg\" class=\"wpforms-submit-spinner\" style=\"display: none;\" width=\"26\" height=\"26\" alt=\"Chargement en cours\"><\/div><\/form><\/div>  <!-- .wpforms-container -->            <\/div>\n\t\t\t\t<\/div>\n\t\t\t\t<\/div>\n\t\t\t\t\t<\/div>\n\t\t\t\t<\/div>\n\t\t\t\t<\/div>\n\t\t","protected":false},"excerpt":{"rendered":"<p>Eventos TUDO SER\u00c1 PERFEITO A Quinta Alto do Rio tem ao seu dispor todos os servi\u00e7os necess\u00e1rios para que o seu evento particular ou corporativo decorra da melhor maneira poss\u00edvel. Casamentos, batizados, anivers\u00e1rios, jantares rom\u00e2nticos ou qualquer outro evento que idealize. Confer\u00eancias, workshops, team buildings &amp; More. No Lounge com vistas para o rio, em &#8230;<\/p>","protected":false},"author":1,"featured_media":0,"parent":0,"menu_order":0,"comment_status":"closed","ping_status":"closed","template":"template-wide-content.php","meta":{"cozystay_single_page_hide_site_header":"","cozystay_single_page_site_header_source":"","cozystay_single_page_custom_site_header":"","cozystay_single_page_custom_sticky_site_header":"","cozystay_single_page_hide_page_title":"on","cozystay_single_page_header_section_size":"","cozystay_single_page_header_background_color":"","cozystay_single_page_header_background_position_x":"center","cozystay_single_page_header_background_position_y":"center","cozystay_single_page_header_background_size":"cover","cozystay_single_page_header_background_repeat":"off","cozystay_single_page_header_background_scroll":"on","cozystay_single_page_header_text_color":"","cozystay_single_page_header_show_breadcrumb":"","cozystay_single_page_site_footer_hide_main":"","cozystay_single_custom_site_footer_main_source":"","cozystay_single_custom_site_footer_main":"","cozystay_single_page_site_footer_hide_above":"","cozystay_single_custom_site_footer_above_source":"","cozystay_single_custom_site_footer_above":"","cozystay_single_page_site_footer_hide_instagram":"","cozystay_single_page_site_footer_hide_bottom":"","cozystay_single_custom_mobile_menu_source":"","cozystay_single_custom_mobile_menu":"","cozystay_single_custom_mobile_menu_animation":"","cozystay_single_custom_mobile_menu_width":"","cozystay_single_custom_mobile_menu_custom_width":375,"footnotes":""},"class_list":["post-2806","page","type-page","status-publish","hentry"],"_links":{"self":[{"href":"https:\/\/quintaaltodorio.pt\/fr\/wp-json\/wp\/v2\/pages\/2806","targetHints":{"allow":["GET"]}}],"collection":[{"href":"https:\/\/quintaaltodorio.pt\/fr\/wp-json\/wp\/v2\/pages"}],"about":[{"href":"https:\/\/quintaaltodorio.pt\/fr\/wp-json\/wp\/v2\/types\/page"}],"author":[{"embeddable":true,"href":"https:\/\/quintaaltodorio.pt\/fr\/wp-json\/wp\/v2\/users\/1"}],"replies":[{"embeddable":true,"href":"https:\/\/quintaaltodorio.pt\/fr\/wp-json\/wp\/v2\/comments?post=2806"}],"version-history":[{"count":10,"href":"https:\/\/quintaaltodorio.pt\/fr\/wp-json\/wp\/v2\/pages\/2806\/revisions"}],"predecessor-version":[{"id":3663,"href":"https:\/\/quintaaltodorio.pt\/fr\/wp-json\/wp\/v2\/pages\/2806\/revisions\/3663"}],"wp:attachment":[{"href":"https:\/\/quintaaltodorio.pt\/fr\/wp-json\/wp\/v2\/media?parent=2806"}],"curies":[{"name":"wp","href":"https:\/\/api.w.org\/{rel}","templated":true}]}}