{"id":3153,"date":"2025-11-27T18:17:01","date_gmt":"2025-11-27T18:17:01","guid":{"rendered":"https:\/\/quintaaltodorio.pt\/?page_id=3153"},"modified":"2026-04-28T17:21:45","modified_gmt":"2026-04-28T16:21:45","slug":"contacts","status":"publish","type":"page","link":"https:\/\/quintaaltodorio.pt\/fr\/contactos\/","title":{"rendered":"Contact"},"content":{"rendered":"\t\t<div data-elementor-type=\"wp-page\" data-elementor-id=\"3153\" class=\"elementor elementor-3153\" data-elementor-post-type=\"page\">\n\t\t\t\t<div class=\"elementor-element elementor-element-fee9058 cs-section-content-fullwidth cs-parallax-on-scroll cs_scroll_y_80 e-flex e-con-boxed e-con e-parent\" data-id=\"fee9058\" data-element_type=\"container\" data-e-type=\"container\" data-settings=\"{&quot;background_background&quot;:&quot;classic&quot;}\" data-cs-parallax-y=\"80\" style=\"background-image: none;\" data-cs-background-image=\"https:\/\/quintaaltodorio.pt\/wp-content\/uploads\/2025\/11\/imgi_48_Quinta_AR_212.jpg\" data-cs-background-image-alt-text=\"\">\n\t\t\t\t\t<div class=\"e-con-inner\">\n\t\t<div class=\"elementor-element elementor-element-356b34a dark-color e-con-full e-flex e-con e-child\" data-id=\"356b34a\" data-element_type=\"container\" data-e-type=\"container\">\n\t\t\t\t<div class=\"elementor-element elementor-element-e45e6a5 elementor-widget elementor-widget-cs_title\" data-id=\"e45e6a5\" data-element_type=\"widget\" data-e-type=\"widget\" data-widget_type=\"cs_title.default\">\n\t\t\t\t<div class=\"elementor-widget-container\">\n\t\t\t\t\t\n        <div class=\"cs-title-wrap text-center\">\t            <div class=\"cs-subtitle-wrap\"><span class=\"cs-subtitle color-white\">Sempre em Contacto<\/span><\/div>\t            <h1 class=\"cs-title\">\n\t                Contactos\t            <\/h1>        <\/div>\t\t\t\t<\/div>\n\t\t\t\t<\/div>\n\t\t\t\t<\/div>\n\t\t\t\t\t<\/div>\n\t\t\t\t<\/div>\n\t\t<div class=\"elementor-element elementor-element-059053a e-con-full e-flex e-con e-parent\" data-id=\"059053a\" data-element_type=\"container\" data-e-type=\"container\">\n\t\t<div class=\"elementor-element elementor-element-2daff6c e-con-full e-flex e-con e-child\" data-id=\"2daff6c\" data-element_type=\"container\" data-e-type=\"container\">\n\t\t\t\t<div class=\"elementor-element elementor-element-d6ca1bf elementor-widget elementor-widget-cs_title\" data-id=\"d6ca1bf\" data-element_type=\"widget\" data-e-type=\"widget\" data-widget_type=\"cs_title.default\">\n\t\t\t\t<div class=\"elementor-widget-container\">\n\t\t\t\t\t\n        <div class=\"cs-title-wrap\">\t            <div class=\"cs-subtitle-wrap\"><span class=\"cs-subtitle color-primary\">Informa\u00e7\u00e3o<\/span><\/div>\t            <h5 class=\"cs-title color-secondary\">\n\t                LOCALIZA\u00c7\u00c3O\t            <\/h5>\t            <div class=\"cs-title-text\">\n\t                <p>Quinta Alto do Rio<br \/>Rua da Soalheira<br \/>Lugar de Souto do Rio<br \/>4690-902 Cinf\u00e3es<\/p><p><strong>Telefone:<\/strong> <a href=\"tel:+351963948747\">(+351) 963 948 747<\/a><br \/>(chamada p\/ rede m\u00f3vel nacional)<br \/><strong><br \/>Email:<\/strong> <a href=\"mailto:reservas@quintaaltodorio.pt\">reservas@quintaaltodorio.pt<\/a><\/p>\t            <\/div>        <\/div>\t\t\t\t<\/div>\n\t\t\t\t<\/div>\n\t\t<div class=\"elementor-element elementor-element-d63bda5 e-con-full e-flex e-con e-child\" data-id=\"d63bda5\" data-element_type=\"container\" data-e-type=\"container\">\n\t\t<div class=\"elementor-element elementor-element-fce1b00 e-con-full e-flex e-con e-child\" data-id=\"fce1b00\" data-element_type=\"container\" data-e-type=\"container\">\n\t\t\t\t<div class=\"elementor-element elementor-element-bfe7632 elementor-widget elementor-widget-cs_title\" data-id=\"bfe7632\" data-element_type=\"widget\" data-e-type=\"widget\" data-widget_type=\"cs_title.default\">\n\t\t\t\t<div class=\"elementor-widget-container\">\n\t\t\t\t\t\n        <div class=\"cs-title-wrap\">\t            <h6 class=\"cs-title color-secondary\">\n\t                Como chegar\t            <\/h6>\t            <div class=\"cs-title-text\">\n\t                <p><strong>A partir do Porto<\/strong> (aprox. 1h15 \/ 90 km) &#8211; Saia do Porto pela A4 (dire\u00e7\u00e3o Amarante\/Vila Real).<\/p><p><strong>A partir do Aeroporto do Porto<\/strong> (aprox. 1h25 \/ 95 km) &#8211; Saia do aeroporto pela A41 (dire\u00e7\u00e3o Maia \/ Porto \/ A4). Entre na A4 (dire\u00e7\u00e3o Amarante \/ Vila Real).<\/p><p><strong>A partir de Lisboa<\/strong> (aprox. 3h30 \/ 350 km) &#8211; Siga pela A1 em dire\u00e7\u00e3o ao Porto. Pr\u00f3ximo de Vila Nova de Gaia, entre na A41 (dire\u00e7\u00e3o Matosinhos \/ A4 Amarante).<\/p><p><strong>A partir de Braga<\/strong> (aprox. 1h45 \/ 120 km)\u00a0 &#8211; Saia de Braga pela A11 em dire\u00e7\u00e3o ao Porto, ligando depois \u00e0 A4 (dire\u00e7\u00e3o Amarante).<\/p><p>Saia na sa\u00edda Marco de Canaveses. <br \/>Siga as indica\u00e7\u00f5es para Cinf\u00e3es \/ Barragem do Carrapatelo. <br \/>Ap\u00f3s atravessar a Barragem do Carrapatelo, encontrar\u00e1 placas de sinaliza\u00e7\u00e3o \u201cQuinta Alto do Rio\u201d. <br \/>Continue a seguir as placas at\u00e9 ao Lugar de Souto do Rio (Cinf\u00e3es), onde se localiza a Quinta.<\/p>\t            <\/div>        <\/div>\t\t\t\t<\/div>\n\t\t\t\t<\/div>\n\t\t<div class=\"elementor-element elementor-element-f0702c2 e-con-full e-flex e-con e-child\" data-id=\"f0702c2\" data-element_type=\"container\" data-e-type=\"container\" data-settings=\"{&quot;background_background&quot;:&quot;classic&quot;}\">\n\t\t\t\t<div class=\"elementor-element elementor-element-ba3cc42 elementor-widget elementor-widget-cs_title\" data-id=\"ba3cc42\" data-element_type=\"widget\" data-e-type=\"widget\" data-widget_type=\"cs_title.default\">\n\t\t\t\t<div class=\"elementor-widget-container\">\n\t\t\t\t\t\n        <div class=\"cs-title-wrap\">\t            <h6 class=\"cs-title color-secondary\">\n\t                Dicas \u00dateis\t            <\/h6>\t            <div class=\"cs-title-text\">\n\t                <p><strong>No Google Maps ou Waze, procure \u201cQuinta Alto do Rio, Cinf\u00e3es\u201d \u2013 o local est\u00e1 corretamente identificado.<\/strong><\/p><p>Ap\u00f3s atravessar a Barragem do Carrapatelo, as placas \u201cQuinta Alto do Rio\u201d guiar\u00e3o at\u00e9 ao destino.<\/p><p>O acesso \u00e0 Quinta Alto do Rio faz-se por estrada municipal, t\u00edpica da regi\u00e3o do Douro, estreita e com alguma inclina\u00e7\u00e3o nos \u00faltimos metros. Esta estrada n\u00e3o pertence \u00e0 Quinta, sendo parte da rede p\u00fablica local. Recomendamos que conduza devagar e com aten\u00e7\u00e3o, especialmente em viaturas mais largas, e aproveite para desfrutar da paisagem rural e das vistas sobre o rio Douro \u2014 o caminho faz parte da experi\u00eancia aut\u00eantica de chegada \u00e0 Quinta Alto do Rio.<\/p><p><strong>Em caso de d\u00favida, contacte-nos:<\/strong>\u00a0 +351 963 948 747 (chamada para rede m\u00f3vel nacional)<\/p>\t            <\/div>        <\/div>\t\t\t\t<\/div>\n\t\t\t\t<\/div>\n\t\t\t\t<\/div>\n\t\t\t\t<\/div>\n\t\t\t\t<\/div>\n\t\t\t\t<\/div>\n\t\t<div class=\"elementor-element elementor-element-22a278c e-con-full e-flex e-con e-child\" data-id=\"22a278c\" data-element_type=\"container\" data-e-type=\"container\" data-settings=\"{&quot;background_background&quot;:&quot;classic&quot;}\">\n\t\t<div class=\"elementor-element elementor-element-e31c1cf e-con-full e-flex e-con e-child\" data-id=\"e31c1cf\" data-element_type=\"container\" data-e-type=\"container\" data-settings=\"{&quot;background_background&quot;:&quot;classic&quot;,&quot;sticky&quot;:&quot;top&quot;,&quot;sticky_on&quot;:[&quot;desktop&quot;],&quot;sticky_effects_offset&quot;:60,&quot;sticky_parent&quot;:&quot;yes&quot;,&quot;sticky_offset&quot;:0,&quot;sticky_anchor_link_offset&quot;:0}\">\n\t\t<div class=\"elementor-element elementor-element-99b472b e-con-full e-flex e-con e-child\" data-id=\"99b472b\" data-element_type=\"container\" data-e-type=\"container\">\n\t\t\t\t<div class=\"elementor-element elementor-element-f9532d0 elementor-widget elementor-widget-cs_title\" data-id=\"f9532d0\" data-element_type=\"widget\" data-e-type=\"widget\" data-widget_type=\"cs_title.default\">\n\t\t\t\t<div class=\"elementor-widget-container\">\n\t\t\t\t\t\n        <div class=\"cs-title-wrap text-center\">\t            <div class=\"cs-subtitle-wrap\"><span class=\"cs-subtitle color-primary\">Tem mais quest\u00f5es?<\/span><\/div>\t            <h6 class=\"cs-title color-secondary\">\n\t                Entre em contacto\t            <\/h6>        <\/div>\t\t\t\t<\/div>\n\t\t\t\t<\/div>\n\t\t\t\t<div class=\"elementor-element elementor-element-25237c8 eael-wpforms-form-button-full-width eael-wpforms-labels-yes elementor-widget elementor-widget-eael-wpforms\" data-id=\"25237c8\" data-element_type=\"widget\" data-e-type=\"widget\" data-widget_type=\"eael-wpforms.default\">\n\t\t\t\t\t            <div class=\"eael-contact-form eael-wpforms eael-wpforms-align-default\">\n                                <div class=\"wpforms-container wpforms-container-full wpforms-render-modern\" id=\"wpforms-3155\"><form id=\"wpforms-form-3155\" class=\"wpforms-validate wpforms-form wpforms-ajax-form\" data-formid=\"3155\" method=\"post\" enctype=\"multipart\/form-data\" action=\"\/fr\/wp-json\/wp\/v2\/pages\/3153\" data-token=\"38baac37f21c3d00c1c11c9c0ee44a0a\" data-token-time=\"1778676076\"><noscript class=\"wpforms-error-noscript\">Veuillez activer JavaScript dans votre navigateur pour remplir ce formulaire.<\/noscript><div id=\"wpforms-error-noscript\" style=\"display: none;\">Veuillez activer JavaScript dans votre navigateur pour remplir ce formulaire.<\/div><div class=\"wpforms-field-container\"><div id=\"wpforms-3155-field_1-container\" class=\"wpforms-field wpforms-field-name\" data-field-id=\"1\"><label class=\"wpforms-field-label\" for=\"wpforms-3155-field_1\">Nome <span class=\"wpforms-required-label\" aria-hidden=\"true\">*<\/span><\/label><input type=\"text\" id=\"wpforms-3155-field_1\" class=\"wpforms-field-large wpforms-field-required\" name=\"wpforms[fields][1]\" placeholder=\"Nome\" aria-errormessage=\"wpforms-3155-field_1-error\" required><\/div><div id=\"wpforms-3155-field_2-container\" class=\"wpforms-field wpforms-field-layout\" data-field-id=\"2\"><div class=\"wpforms-field-layout-rows wpforms-field-large\"><div class=\"wpforms-layout-row\"><div class=\"wpforms-layout-column wpforms-layout-column-50\"><div id=\"wpforms-3155-field_3-container\" class=\"wpforms-field wpforms-field-phone\" data-field-id=\"3\"><label class=\"wpforms-field-label\" for=\"wpforms-3155-field_3\">Contacto <span class=\"wpforms-required-label\" aria-hidden=\"true\">*<\/span><\/label><input type=\"tel\" id=\"wpforms-3155-field_3\" class=\"wpforms-field-medium wpforms-field-required wpforms-smart-phone-field\" data-rule-smart-phone-field=\"true\" name=\"wpforms[fields][3]\" placeholder=\"Contacto\" aria-label=\"Contacto\" aria-errormessage=\"wpforms-3155-field_3-error\" required><\/div><\/div><div class=\"wpforms-layout-column wpforms-layout-column-50\"><div id=\"wpforms-3155-field_4-container\" class=\"wpforms-field wpforms-field-email\" data-field-id=\"4\"><label class=\"wpforms-field-label\" for=\"wpforms-3155-field_4\">Email <span class=\"wpforms-required-label\" aria-hidden=\"true\">*<\/span><\/label><input type=\"email\" id=\"wpforms-3155-field_4\" class=\"wpforms-field-medium wpforms-field-required\" name=\"wpforms[fields][4]\" placeholder=\"Email\" spellcheck=\"false\" aria-errormessage=\"wpforms-3155-field_4-error\" required><\/div><\/div><\/div><\/div><\/div>\t\t<div id=\"wpforms-3155-field_5-container\"\n\t\t\tclass=\"wpforms-field wpforms-field-text\"\n\t\t\tdata-field-type=\"text\"\n\t\t\tdata-field-id=\"5\"\n\t\t\t>\n\t\t\t<label class=\"wpforms-field-label\" for=\"wpforms-3155-field_5\" >(opcional) RGPD Nome<\/label>\n\t\t\t<input type=\"text\" id=\"wpforms-3155-field_5\" class=\"wpforms-field-medium\" name=\"wpforms[fields][5]\" >\n\t\t<\/div>\n\t\t<div id=\"wpforms-3155-field_9-container\" class=\"wpforms-field wpforms-field-textarea\" data-field-id=\"9\"><label class=\"wpforms-field-label\" for=\"wpforms-3155-field_9\">Mensagem (opcional)<\/label><textarea id=\"wpforms-3155-field_9\" class=\"wpforms-field-medium\" name=\"wpforms[fields][9]\" aria-errormessage=\"wpforms-3155-field_9-error\" ><\/textarea><\/div><div id=\"wpforms-3155-field_10-container\" class=\"wpforms-field wpforms-field-gdpr-checkbox\" data-field-id=\"10\"><label class=\"wpforms-field-label wpforms-label-hide\" aria-hidden=\"false\">RGPD <span class=\"wpforms-required-label\" aria-hidden=\"true\">*<\/span><\/label><ul id=\"wpforms-3155-field_10\" class=\"wpforms-field-required\"><li class=\"choice-1\"><input type=\"checkbox\" id=\"wpforms-3155-field_10_1\" name=\"wpforms[fields][10][]\" value=\"Confirmo que li e aceito a &lt;a href=&quot;https:\/\/www.quintaaltodorio.pt\/politica-de-privacidade\/&quot; target=&quot;_blank&quot;&gt;Pol\u00edtica de Privacidade&lt;\/a&gt;.\" aria-errormessage=\"wpforms-3155-field_10_1-error\" required ><label class=\"wpforms-field-label-inline\" for=\"wpforms-3155-field_10_1\">Confirmo que li e aceito a <a href=\"https:\/\/www.quintaaltodorio.pt\/politica-de-privacidade\/\" target=\"_blank\">Pol\u00edtica de Privacidade<\/a>. <span class=\"wpforms-required-label\" aria-hidden=\"true\">*<\/span><\/label><\/li><\/ul><\/div><script>\n\t\t\t\t( function() {\n\t\t\t\t\tconst style = document.createElement( 'style' );\n\t\t\t\t\tstyle.appendChild( document.createTextNode( '#wpforms-3155-field_5-container { position: absolute !important; overflow: hidden !important; display: inline !important; height: 1px !important; width: 1px !important; z-index: -1000 !important; padding: 0 !important; } #wpforms-3155-field_5-container input { visibility: hidden; } #wpforms-conversational-form-page #wpforms-3155-field_5-container label { counter-increment: none; }' ) );\n\t\t\t\t\tdocument.head.appendChild( style );\n\t\t\t\t\tdocument.currentScript?.remove();\n\t\t\t\t} )();\n\t\t\t<\/script><\/div><!-- .wpforms-field-container --><div class=\"wpforms-submit-container\" ><input type=\"hidden\" name=\"wpforms[id]\" value=\"3155\"><input type=\"hidden\" name=\"page_title\" value=\"\"><input type=\"hidden\" name=\"page_url\" value=\"https:\/\/quintaaltodorio.pt\/fr\/wp-json\/wp\/v2\/pages\/3153\"><input type=\"hidden\" name=\"url_referer\" value=\"\"><button type=\"submit\" name=\"wpforms[submit]\" id=\"wpforms-submit-3155\" class=\"wpforms-submit\" data-alt-text=\"A enviar...\" data-submit-text=\"Enviar Mensagem\" aria-live=\"assertive\" value=\"wpforms-submit\">Enviar Mensagem<\/button><img decoding=\"async\" src=\"https:\/\/quintaaltodorio.pt\/wp-content\/plugins\/wpforms\/assets\/images\/submit-spin.svg\" class=\"wpforms-submit-spinner\" style=\"display: none;\" width=\"26\" height=\"26\" alt=\"Chargement en cours\"><\/div><\/form><\/div>  <!-- .wpforms-container -->            <\/div>\n\t\t\t\t<\/div>\n\t\t\t\t<\/div>\n\t\t\t\t<\/div>\n\t\t\t\t<\/div>\n\t\t\t\t<\/div>\n\t\t<div class=\"elementor-element elementor-element-87b8b63 e-con-full e-flex e-con e-parent\" data-id=\"87b8b63\" data-element_type=\"container\" data-e-type=\"container\">\n\t\t\t\t<div class=\"elementor-element elementor-element-e7b84ca elementor-widget elementor-widget-google_maps\" data-id=\"e7b84ca\" data-element_type=\"widget\" data-e-type=\"widget\" data-widget_type=\"google_maps.default\">\n\t\t\t\t\t\t\t<div class=\"elementor-custom-embed\">\n\t\t\t<iframe loading=\"lazy\"\n\t\t\t\t\tsrc=\"https:\/\/maps.google.com\/maps?q=Quinta%20Alto%20do%20Rio&#038;t=m&#038;z=10&#038;output=embed&#038;iwloc=near\"\n\t\t\t\t\ttitle=\"Quinta Alto do Rio\"\n\t\t\t\t\taria-label=\"Quinta Alto do Rio\"\n\t\t\t><\/iframe>\n\t\t<\/div>\n\t\t\t\t\t\t<\/div>\n\t\t\t\t<\/div>\n\t\t\t\t<\/div>\n\t\t","protected":false},"excerpt":{"rendered":"<p>Sempre em Contacto Contactos Informa\u00e7\u00e3o LOCALIZA\u00c7\u00c3O Quinta Alto do RioRua da SoalheiraLugar de Souto do Rio4690-902 Cinf\u00e3es Telefone: (+351) 963 948 747(chamada p\/ rede m\u00f3vel nacional)Email: reservas@quintaaltodorio.pt Como chegar A partir do Porto (aprox. 1h15 \/ 90 km) &#8211; Saia do Porto pela A4 (dire\u00e7\u00e3o Amarante\/Vila Real). A partir do Aeroporto do Porto (aprox. 1h25 &#8230;<\/p>","protected":false},"author":1,"featured_media":0,"parent":0,"menu_order":0,"comment_status":"closed","ping_status":"closed","template":"template-wide-content.php","meta":{"cozystay_single_page_hide_site_header":"","cozystay_single_page_site_header_source":"","cozystay_single_page_custom_site_header":"","cozystay_single_page_custom_sticky_site_header":"","cozystay_single_page_hide_page_title":"on","cozystay_single_page_header_section_size":"","cozystay_single_page_header_background_color":"","cozystay_single_page_header_background_position_x":"center","cozystay_single_page_header_background_position_y":"center","cozystay_single_page_header_background_size":"cover","cozystay_single_page_header_background_repeat":"off","cozystay_single_page_header_background_scroll":"on","cozystay_single_page_header_text_color":"","cozystay_single_page_header_show_breadcrumb":"","cozystay_single_page_site_footer_hide_main":"","cozystay_single_custom_site_footer_main_source":"","cozystay_single_custom_site_footer_main":"","cozystay_single_page_site_footer_hide_above":"","cozystay_single_custom_site_footer_above_source":"","cozystay_single_custom_site_footer_above":"","cozystay_single_page_site_footer_hide_instagram":"","cozystay_single_page_site_footer_hide_bottom":"","cozystay_single_custom_mobile_menu_source":"","cozystay_single_custom_mobile_menu":"","cozystay_single_custom_mobile_menu_animation":"","cozystay_single_custom_mobile_menu_width":"","cozystay_single_custom_mobile_menu_custom_width":375,"footnotes":""},"class_list":["post-3153","page","type-page","status-publish","hentry"],"_links":{"self":[{"href":"https:\/\/quintaaltodorio.pt\/fr\/wp-json\/wp\/v2\/pages\/3153","targetHints":{"allow":["GET"]}}],"collection":[{"href":"https:\/\/quintaaltodorio.pt\/fr\/wp-json\/wp\/v2\/pages"}],"about":[{"href":"https:\/\/quintaaltodorio.pt\/fr\/wp-json\/wp\/v2\/types\/page"}],"author":[{"embeddable":true,"href":"https:\/\/quintaaltodorio.pt\/fr\/wp-json\/wp\/v2\/users\/1"}],"replies":[{"embeddable":true,"href":"https:\/\/quintaaltodorio.pt\/fr\/wp-json\/wp\/v2\/comments?post=3153"}],"version-history":[{"count":10,"href":"https:\/\/quintaaltodorio.pt\/fr\/wp-json\/wp\/v2\/pages\/3153\/revisions"}],"predecessor-version":[{"id":3606,"href":"https:\/\/quintaaltodorio.pt\/fr\/wp-json\/wp\/v2\/pages\/3153\/revisions\/3606"}],"wp:attachment":[{"href":"https:\/\/quintaaltodorio.pt\/fr\/wp-json\/wp\/v2\/media?parent=3153"}],"curies":[{"name":"wp","href":"https:\/\/api.w.org\/{rel}","templated":true}]}}