{"id":3097,"date":"2025-11-27T16:42:53","date_gmt":"2025-11-27T16:42:53","guid":{"rendered":"https:\/\/quintaaltodorio.pt\/?page_id=3097"},"modified":"2025-11-27T17:29:29","modified_gmt":"2025-11-27T17:29:29","slug":"cruzeiros-2","status":"publish","type":"page","link":"https:\/\/quintaaltodorio.pt\/nl\/experiencias-2\/cruzeiros-2\/","title":{"rendered":"Cruzeiros"},"content":{"rendered":"<div data-elementor-type=\"wp-page\" data-elementor-id=\"3097\" class=\"elementor elementor-3097\" data-elementor-post-type=\"page\">\n\t\t\t\t<div class=\"elementor-element elementor-element-0f7916c cs-section-content-fullwidth cs-parallax-on-scroll cs_scroll_y_100 e-flex e-con-boxed e-con e-parent\" data-id=\"0f7916c\" data-element_type=\"container\" data-e-type=\"container\" data-settings=\"{&quot;background_background&quot;:&quot;classic&quot;}\" data-cs-parallax-y=\"100\" style=\"background-image: none;\" data-cs-background-image=\"https:\/\/quintaaltodorio.pt\/wp-content\/uploads\/2025\/11\/header-image3.jpg\" data-cs-background-image-alt-text=\"\">\n\t\t\t\t\t<div class=\"e-con-inner\">\n\t\t<div class=\"elementor-element elementor-element-caae1e1 dark-color e-con-full e-flex e-con e-child\" data-id=\"caae1e1\" data-element_type=\"container\" data-e-type=\"container\">\n\t\t\t\t<div class=\"elementor-element elementor-element-e62ec84 elementor-widget elementor-widget-cs_title\" data-id=\"e62ec84\" data-element_type=\"widget\" data-e-type=\"widget\" data-widget_type=\"cs_title.default\">\n\t\t\t\t<div class=\"elementor-widget-container\">\n\t\t\t\t\t\n        <div class=\"cs-title-wrap text-center\">\t            <div class=\"cs-subtitle-wrap\"><span class=\"cs-subtitle\">Ervaringen<\/span><\/div>\t            <h1 class=\"cs-title\">\n\t                Cruzeiros\t            <\/h1>        <\/div>\t\t\t\t<\/div>\n\t\t\t\t<\/div>\n\t\t\t\t<\/div>\n\t\t\t\t\t<\/div>\n\t\t\t\t<\/div>\n\t\t<div class=\"elementor-element elementor-element-839f163 e-flex e-con-boxed e-con e-parent\" data-id=\"839f163\" data-element_type=\"container\" data-e-type=\"container\">\n\t\t\t\t\t<div class=\"e-con-inner\">\n\t\t<div class=\"elementor-element elementor-element-ddea752 e-con-full e-flex e-con e-child\" data-id=\"ddea752\" data-element_type=\"container\" data-e-type=\"container\">\n\t\t\t\t<div class=\"elementor-element elementor-element-06a2c8b elementor-widget__width-initial elementor-widget-tablet__width-initial elementor-invisible elementor-widget elementor-widget-heading\" data-id=\"06a2c8b\" data-element_type=\"widget\" data-e-type=\"widget\" data-settings=\"{&quot;_animation&quot;:&quot;fadeInDown&quot;}\" data-widget_type=\"heading.default\">\n\t\t\t\t\t<h2 class=\"elementor-heading-title elementor-size-default\">Conhe\u00e7a as bel\u00edssimas paisagens do rio Douro a bordo de um dos nossos barcos acompanhados de um vinho do porto.<\/h2>\t\t\t\t<\/div>\n\t\t\t\t<div class=\"elementor-element elementor-element-8f101ea elementor-widget elementor-widget-spacer\" data-id=\"8f101ea\" data-element_type=\"widget\" data-e-type=\"widget\" data-widget_type=\"spacer.default\">\n\t\t\t\t\t\t\t<div class=\"elementor-spacer\">\n\t\t\t<div class=\"elementor-spacer-inner\"><\/div>\n\t\t<\/div>\n\t\t\t\t\t\t<\/div>\n\t\t\t\t<div class=\"elementor-element elementor-element-7b88e3e elementor-widget__width-initial elementor-widget-tablet__width-initial elementor-widget-mobile__width-inherit elementor-invisible elementor-widget elementor-widget-text-editor\" data-id=\"7b88e3e\" data-element_type=\"widget\" data-e-type=\"widget\" data-settings=\"{&quot;_animation&quot;:&quot;fadeInDown&quot;}\" data-widget_type=\"text-editor.default\">\n\t\t\t\t\t\t\t\t\t<p>Conhe\u00e7a as bel\u00edssimas paisagens do rio Douro a bordo de um dos nossos barcos acompanhados de um vinho do porto.<\/p>\t\t\t\t\t\t\t\t<\/div>\n\t\t<div class=\"elementor-element elementor-element-478e236 e-con-full e-flex e-con e-child\" data-id=\"478e236\" data-element_type=\"container\" data-e-type=\"container\">\n\t\t<div class=\"elementor-element elementor-element-e774abb e-con-full e-flex elementor-invisible e-con e-child\" data-id=\"e774abb\" data-element_type=\"container\" data-e-type=\"container\" data-settings=\"{&quot;background_background&quot;:&quot;classic&quot;,&quot;animation&quot;:&quot;fadeInUp&quot;,&quot;animation_delay&quot;:200}\">\n\t\t\t\t<div class=\"elementor-element elementor-element-718cb9a elementor-widget elementor-widget-heading\" data-id=\"718cb9a\" data-element_type=\"widget\" data-e-type=\"widget\" data-widget_type=\"heading.default\">\n\t\t\t\t\t<h3 class=\"elementor-heading-title elementor-size-default\">Cruzeiro no Douro<\/h3>\t\t\t\t<\/div>\n\t\t\t\t<div class=\"elementor-element elementor-element-3650074 elementor-widget elementor-widget-text-editor\" data-id=\"3650074\" data-element_type=\"widget\" data-e-type=\"widget\" data-widget_type=\"text-editor.default\">\n\t\t\t\t\t\t\t\t\t<p>At\u00e9 6 pessoas<\/p>\t\t\t\t\t\t\t\t<\/div>\n\t\t\t\t<div class=\"elementor-element elementor-element-505155e elementor-widget elementor-widget-heading\" data-id=\"505155e\" data-element_type=\"widget\" data-e-type=\"widget\" data-widget_type=\"heading.default\">\n\t\t\t\t\t<h6 class=\"elementor-heading-title elementor-size-default\">DURA\u00c7\u00c3O<\/h6>\t\t\t\t<\/div>\n\t\t\t\t<div class=\"elementor-element elementor-element-e397f18 elementor-icon-list--layout-traditional elementor-list-item-link-full_width elementor-widget elementor-widget-icon-list\" data-id=\"e397f18\" data-element_type=\"widget\" data-e-type=\"widget\" data-widget_type=\"icon-list.default\">\n\t\t\t\t\t\t\t<ul class=\"elementor-icon-list-items\">\n\t\t\t\t\t\t\t<li class=\"elementor-icon-list-item\">\n\t\t\t\t\t\t\t\t\t\t\t<span class=\"elementor-icon-list-icon\">\n\t\t\t\t\t\t\t<i aria-hidden=\"true\" class=\"flaticon flaticon-circular-clock\"><\/i>\t\t\t\t\t\t<\/span>\n\t\t\t\t\t\t\t\t\t\t<span class=\"elementor-icon-list-text\"><b>1 hora<\/b> \u2013 190 euros<\/span>\n\t\t\t\t\t\t\t\t\t<\/li>\n\t\t\t\t\t\t\t\t<li class=\"elementor-icon-list-item\">\n\t\t\t\t\t\t\t\t\t\t\t<span class=\"elementor-icon-list-icon\">\n\t\t\t\t\t\t\t<i aria-hidden=\"true\" class=\"flaticon flaticon-circular-clock\"><\/i>\t\t\t\t\t\t<\/span>\n\t\t\t\t\t\t\t\t\t\t<span class=\"elementor-icon-list-text\"><b>2 horas<\/b> \u2013 290 euros<\/span>\n\t\t\t\t\t\t\t\t\t<\/li>\n\t\t\t\t\t\t\t\t<li class=\"elementor-icon-list-item\">\n\t\t\t\t\t\t\t\t\t\t\t<span class=\"elementor-icon-list-icon\">\n\t\t\t\t\t\t\t<i aria-hidden=\"true\" class=\"flaticon flaticon-circular-clock\"><\/i>\t\t\t\t\t\t<\/span>\n\t\t\t\t\t\t\t\t\t\t<span class=\"elementor-icon-list-text\"><b>3 horas<\/b> \u2013 380 euros<\/span>\n\t\t\t\t\t\t\t\t\t<\/li>\n\t\t\t\t\t\t<\/ul>\n\t\t\t\t\t\t<\/div>\n\t\t\t\t<\/div>\n\t\t<div class=\"elementor-element elementor-element-450038d e-con-full e-flex elementor-invisible e-con e-child\" data-id=\"450038d\" data-element_type=\"container\" data-e-type=\"container\" data-settings=\"{&quot;background_background&quot;:&quot;classic&quot;,&quot;animation&quot;:&quot;fadeInUp&quot;,&quot;animation_delay&quot;:400}\">\n\t\t\t\t<div class=\"elementor-element elementor-element-e5b28a3 elementor-widget elementor-widget-heading\" data-id=\"e5b28a3\" data-element_type=\"widget\" data-e-type=\"widget\" data-widget_type=\"heading.default\">\n\t\t\t\t\t<h3 class=\"elementor-heading-title elementor-size-default\">Cruzeiro no Douro<\/h3>\t\t\t\t<\/div>\n\t\t\t\t<div class=\"elementor-element elementor-element-bcc8267 elementor-widget elementor-widget-text-editor\" data-id=\"bcc8267\" data-element_type=\"widget\" data-e-type=\"widget\" data-widget_type=\"text-editor.default\">\n\t\t\t\t\t\t\t\t\t<p>At\u00e9 12 pessoas<\/p>\t\t\t\t\t\t\t\t<\/div>\n\t\t\t\t<div class=\"elementor-element elementor-element-097ac9b elementor-widget elementor-widget-heading\" data-id=\"097ac9b\" data-element_type=\"widget\" data-e-type=\"widget\" data-widget_type=\"heading.default\">\n\t\t\t\t\t<h6 class=\"elementor-heading-title elementor-size-default\">DURA\u00c7\u00c3O<\/h6>\t\t\t\t<\/div>\n\t\t\t\t<div class=\"elementor-element elementor-element-1dd80d3 elementor-icon-list--layout-traditional elementor-list-item-link-full_width elementor-widget elementor-widget-icon-list\" data-id=\"1dd80d3\" data-element_type=\"widget\" data-e-type=\"widget\" data-widget_type=\"icon-list.default\">\n\t\t\t\t\t\t\t<ul class=\"elementor-icon-list-items\">\n\t\t\t\t\t\t\t<li class=\"elementor-icon-list-item\">\n\t\t\t\t\t\t\t\t\t\t\t<span class=\"elementor-icon-list-icon\">\n\t\t\t\t\t\t\t<i aria-hidden=\"true\" class=\"flaticon flaticon-circular-clock\"><\/i>\t\t\t\t\t\t<\/span>\n\t\t\t\t\t\t\t\t\t\t<span class=\"elementor-icon-list-text\"><b>1 hora<\/b> \u2013 255 euros<\/span>\n\t\t\t\t\t\t\t\t\t<\/li>\n\t\t\t\t\t\t\t\t<li class=\"elementor-icon-list-item\">\n\t\t\t\t\t\t\t\t\t\t\t<span class=\"elementor-icon-list-icon\">\n\t\t\t\t\t\t\t<i aria-hidden=\"true\" class=\"flaticon flaticon-circular-clock\"><\/i>\t\t\t\t\t\t<\/span>\n\t\t\t\t\t\t\t\t\t\t<span class=\"elementor-icon-list-text\"><b>2 horas<\/b> \u2013 360 euros<\/span>\n\t\t\t\t\t\t\t\t\t<\/li>\n\t\t\t\t\t\t\t\t<li class=\"elementor-icon-list-item\">\n\t\t\t\t\t\t\t\t\t\t\t<span class=\"elementor-icon-list-icon\">\n\t\t\t\t\t\t\t<i aria-hidden=\"true\" class=\"flaticon flaticon-circular-clock\"><\/i>\t\t\t\t\t\t<\/span>\n\t\t\t\t\t\t\t\t\t\t<span class=\"elementor-icon-list-text\"><b>3 horas<\/b> \u2013 475 euros<\/span>\n\t\t\t\t\t\t\t\t\t<\/li>\n\t\t\t\t\t\t<\/ul>\n\t\t\t\t\t\t<\/div>\n\t\t\t\t<\/div>\n\t\t\t\t<\/div>\n\t\t\t\t<\/div>\n\t\t\t\t\t<\/div>\n\t\t\t\t<\/div>\n\t\t<div class=\"elementor-element elementor-element-a3c2d31 e-con-full e-flex e-con e-parent\" data-id=\"a3c2d31\" data-element_type=\"container\" data-e-type=\"container\">\n\t\t\t\t<div class=\"elementor-element elementor-element-13caf7c elementor-widget elementor-widget-gallery\" data-id=\"13caf7c\" data-element_type=\"widget\" data-e-type=\"widget\" data-settings=\"{&quot;columns&quot;:3,&quot;gap&quot;:{&quot;unit&quot;:&quot;px&quot;,&quot;size&quot;:4,&quot;sizes&quot;:[]},&quot;gap_tablet&quot;:{&quot;unit&quot;:&quot;px&quot;,&quot;size&quot;:4,&quot;sizes&quot;:[]},&quot;gap_mobile&quot;:{&quot;unit&quot;:&quot;px&quot;,&quot;size&quot;:4,&quot;sizes&quot;:[]},&quot;lazyload&quot;:&quot;yes&quot;,&quot;gallery_layout&quot;:&quot;grid&quot;,&quot;columns_tablet&quot;:2,&quot;columns_mobile&quot;:1,&quot;link_to&quot;:&quot;file&quot;,&quot;aspect_ratio&quot;:&quot;3:2&quot;,&quot;overlay_background&quot;:&quot;yes&quot;,&quot;content_hover_animation&quot;:&quot;fade-in&quot;}\" data-widget_type=\"gallery.default\">\n\t\t\t\t\t\t\t<div class=\"elementor-gallery__container\">\r\n\t\t\t\t\t\t\t<a class=\"e-gallery-item elementor-gallery-item elementor-animated-content\" href=\"https:\/\/quintaaltodorio.pt\/wp-content\/uploads\/2025\/11\/Cruzeiros.jpg\" data-elementor-open-lightbox=\"yes\" data-elementor-lightbox-slideshow=\"13caf7c\" data-elementor-lightbox-title=\"Cruzeiros\" data-e-action-hash=\"#elementor-action%3Aaction%3Dlightbox%26settings%3DeyJpZCI6Mjc4OCwidXJsIjoiaHR0cHM6XC9cL3F1aW50YWFsdG9kb3Jpby5wdFwvd3AtY29udGVudFwvdXBsb2Fkc1wvMjAyNVwvMTFcL0NydXplaXJvcy5qcGciLCJzbGlkZXNob3ciOiIxM2NhZjdjIn0%3D\">\r\n\t\t\t\t\t<div class=\"e-gallery-image elementor-gallery-item__image\" data-thumbnail=\"https:\/\/quintaaltodorio.pt\/wp-content\/uploads\/2025\/11\/Cruzeiros.jpg\" data-width=\"825\" data-height=\"625\" aria-label=\"\" role=\"img\" ><\/div>\r\n\t\t\t\t\t\t\t\t\t\t\t<div class=\"elementor-gallery-item__overlay\"><\/div>\r\n\t\t\t\t\t\t\t\t\t\t\t\t\t\t<\/a>\r\n\t\t\t\t\t\t\t<a class=\"e-gallery-item elementor-gallery-item elementor-animated-content\" href=\"https:\/\/quintaaltodorio.pt\/wp-content\/uploads\/2025\/11\/imgi_4_home_slide3.jpg\" data-elementor-open-lightbox=\"yes\" data-elementor-lightbox-slideshow=\"13caf7c\" data-elementor-lightbox-title=\"imgi_4_home_slide3\" data-e-action-hash=\"#elementor-action%3Aaction%3Dlightbox%26settings%3DeyJpZCI6Mjc5MCwidXJsIjoiaHR0cHM6XC9cL3F1aW50YWFsdG9kb3Jpby5wdFwvd3AtY29udGVudFwvdXBsb2Fkc1wvMjAyNVwvMTFcL2ltZ2lfNF9ob21lX3NsaWRlMy5qcGciLCJzbGlkZXNob3ciOiIxM2NhZjdjIn0%3D\">\r\n\t\t\t\t\t<div class=\"e-gallery-image elementor-gallery-item__image\" data-thumbnail=\"https:\/\/quintaaltodorio.pt\/wp-content\/uploads\/2025\/11\/imgi_4_home_slide3.jpg\" data-width=\"1680\" data-height=\"945\" aria-label=\"\" role=\"img\" ><\/div>\r\n\t\t\t\t\t\t\t\t\t\t\t<div class=\"elementor-gallery-item__overlay\"><\/div>\r\n\t\t\t\t\t\t\t\t\t\t\t\t\t\t<\/a>\r\n\t\t\t\t\t\t\t<a class=\"e-gallery-item elementor-gallery-item elementor-animated-content\" href=\"https:\/\/quintaaltodorio.pt\/wp-content\/uploads\/2025\/11\/imgi_8_Cais-do-Escamarao.jpg\" data-elementor-open-lightbox=\"yes\" data-elementor-lightbox-slideshow=\"13caf7c\" data-elementor-lightbox-title=\"imgi_8_Cais-do-Escamarao\" data-e-action-hash=\"#elementor-action%3Aaction%3Dlightbox%26settings%3DeyJpZCI6Mjc5NCwidXJsIjoiaHR0cHM6XC9cL3F1aW50YWFsdG9kb3Jpby5wdFwvd3AtY29udGVudFwvdXBsb2Fkc1wvMjAyNVwvMTFcL2ltZ2lfOF9DYWlzLWRvLUVzY2FtYXJhby5qcGciLCJzbGlkZXNob3ciOiIxM2NhZjdjIn0%3D\">\r\n\t\t\t\t\t<div class=\"e-gallery-image elementor-gallery-item__image\" data-thumbnail=\"https:\/\/quintaaltodorio.pt\/wp-content\/uploads\/2025\/11\/imgi_8_Cais-do-Escamarao.jpg\" data-width=\"800\" data-height=\"600\" aria-label=\"\" role=\"img\" ><\/div>\r\n\t\t\t\t\t\t\t\t\t\t\t<div class=\"elementor-gallery-item__overlay\"><\/div>\r\n\t\t\t\t\t\t\t\t\t\t\t\t\t\t<\/a>\r\n\t\t\t\t\t\t\t<a class=\"e-gallery-item elementor-gallery-item elementor-animated-content\" href=\"https:\/\/quintaaltodorio.pt\/wp-content\/uploads\/2025\/11\/imgi_28_Miradouro-Teixeiro.jpg\" data-elementor-open-lightbox=\"yes\" data-elementor-lightbox-slideshow=\"13caf7c\" data-elementor-lightbox-title=\"imgi_28_Miradouro-Teixeiro\" data-e-action-hash=\"#elementor-action%3Aaction%3Dlightbox%26settings%3DeyJpZCI6Mjc5OCwidXJsIjoiaHR0cHM6XC9cL3F1aW50YWFsdG9kb3Jpby5wdFwvd3AtY29udGVudFwvdXBsb2Fkc1wvMjAyNVwvMTFcL2ltZ2lfMjhfTWlyYWRvdXJvLVRlaXhlaXJvLmpwZyIsInNsaWRlc2hvdyI6IjEzY2FmN2MifQ%3D%3D\">\r\n\t\t\t\t\t<div class=\"e-gallery-image elementor-gallery-item__image\" data-thumbnail=\"https:\/\/quintaaltodorio.pt\/wp-content\/uploads\/2025\/11\/imgi_28_Miradouro-Teixeiro.jpg\" data-width=\"2100\" data-height=\"1399\" aria-label=\"\" role=\"img\" ><\/div>\r\n\t\t\t\t\t\t\t\t\t\t\t<div class=\"elementor-gallery-item__overlay\"><\/div>\r\n\t\t\t\t\t\t\t\t\t\t\t\t\t\t<\/a>\r\n\t\t\t\t\t\t\t<a class=\"e-gallery-item elementor-gallery-item elementor-animated-content\" href=\"https:\/\/quintaaltodorio.pt\/wp-content\/uploads\/2025\/11\/imgi_27_home_slide1.jpg\" data-elementor-open-lightbox=\"yes\" data-elementor-lightbox-slideshow=\"13caf7c\" data-elementor-lightbox-title=\"imgi_27_home_slide1\" data-e-action-hash=\"#elementor-action%3Aaction%3Dlightbox%26settings%3DeyJpZCI6Mjc5NywidXJsIjoiaHR0cHM6XC9cL3F1aW50YWFsdG9kb3Jpby5wdFwvd3AtY29udGVudFwvdXBsb2Fkc1wvMjAyNVwvMTFcL2ltZ2lfMjdfaG9tZV9zbGlkZTEuanBnIiwic2xpZGVzaG93IjoiMTNjYWY3YyJ9\">\r\n\t\t\t\t\t<div class=\"e-gallery-image elementor-gallery-item__image\" data-thumbnail=\"https:\/\/quintaaltodorio.pt\/wp-content\/uploads\/2025\/11\/imgi_27_home_slide1.jpg\" data-width=\"1680\" data-height=\"945\" aria-label=\"\" role=\"img\" ><\/div>\r\n\t\t\t\t\t\t\t\t\t\t\t<div class=\"elementor-gallery-item__overlay\"><\/div>\r\n\t\t\t\t\t\t\t\t\t\t\t\t\t\t<\/a>\r\n\t\t\t\t\t\t\t<a class=\"e-gallery-item elementor-gallery-item elementor-animated-content\" href=\"https:\/\/quintaaltodorio.pt\/wp-content\/uploads\/2025\/11\/imgi_7_Porto-Antigo.jpg\" data-elementor-open-lightbox=\"yes\" data-elementor-lightbox-slideshow=\"13caf7c\" data-elementor-lightbox-title=\"imgi_7_Porto-Antigo\" data-e-action-hash=\"#elementor-action%3Aaction%3Dlightbox%26settings%3DeyJpZCI6Mjc5MywidXJsIjoiaHR0cHM6XC9cL3F1aW50YWFsdG9kb3Jpby5wdFwvd3AtY29udGVudFwvdXBsb2Fkc1wvMjAyNVwvMTFcL2ltZ2lfN19Qb3J0by1BbnRpZ28uanBnIiwic2xpZGVzaG93IjoiMTNjYWY3YyJ9\">\r\n\t\t\t\t\t<div class=\"e-gallery-image elementor-gallery-item__image\" data-thumbnail=\"https:\/\/quintaaltodorio.pt\/wp-content\/uploads\/2025\/11\/imgi_7_Porto-Antigo.jpg\" data-width=\"800\" data-height=\"600\" aria-label=\"\" role=\"img\" ><\/div>\r\n\t\t\t\t\t\t\t\t\t\t\t<div class=\"elementor-gallery-item__overlay\"><\/div>\r\n\t\t\t\t\t\t\t\t\t\t\t\t\t\t<\/a>\r\n\t\t\t\t\t<\/div>\r\n\t\t\t\t\t<\/div>\n\t\t\t\t<div class=\"elementor-element elementor-element-7f2a41e elementor-widget elementor-widget-image\" data-id=\"7f2a41e\" data-element_type=\"widget\" data-e-type=\"widget\" data-widget_type=\"image.default\">\n\t\t\t\t\t\t\t\t\t\t\t\t\t\t\t<img fetchpriority=\"high\" decoding=\"async\" width=\"2000\" height=\"533\" src=\"https:\/\/quintaaltodorio.pt\/wp-content\/uploads\/2025\/11\/header-image3.jpg\" class=\"attachment-full size-full wp-image-3000\" alt=\"\" srcset=\"https:\/\/quintaaltodorio.pt\/wp-content\/uploads\/2025\/11\/header-image3.jpg 2000w, https:\/\/quintaaltodorio.pt\/wp-content\/uploads\/2025\/11\/header-image3-300x80.jpg 300w, https:\/\/quintaaltodorio.pt\/wp-content\/uploads\/2025\/11\/header-image3-1024x273.jpg 1024w, https:\/\/quintaaltodorio.pt\/wp-content\/uploads\/2025\/11\/header-image3-768x205.jpg 768w, https:\/\/quintaaltodorio.pt\/wp-content\/uploads\/2025\/11\/header-image3-1536x409.jpg 1536w, https:\/\/quintaaltodorio.pt\/wp-content\/uploads\/2025\/11\/header-image3-1920x512.jpg 1920w, https:\/\/quintaaltodorio.pt\/wp-content\/uploads\/2025\/11\/header-image3-1440x384.jpg 1440w, https:\/\/quintaaltodorio.pt\/wp-content\/uploads\/2025\/11\/header-image3-1200x320.jpg 1200w, https:\/\/quintaaltodorio.pt\/wp-content\/uploads\/2025\/11\/header-image3-780x208.jpg 780w, https:\/\/quintaaltodorio.pt\/wp-content\/uploads\/2025\/11\/header-image3-600x160.jpg 600w, https:\/\/quintaaltodorio.pt\/wp-content\/uploads\/2025\/11\/header-image3-550x147.jpg 550w, https:\/\/quintaaltodorio.pt\/wp-content\/uploads\/2025\/11\/header-image3-370x99.jpg 370w, https:\/\/quintaaltodorio.pt\/wp-content\/uploads\/2025\/11\/header-image3-255x68.jpg 255w, https:\/\/quintaaltodorio.pt\/wp-content\/uploads\/2025\/11\/header-image3-150x40.jpg 150w\" sizes=\"(max-width: 2000px) 100vw, 2000px\" \/>\t\t\t\t\t\t\t\t\t\t\t\t\t\t\t<\/div>\n\t\t\t\t<\/div>\n\t\t\t\t<\/div>","protected":false},"excerpt":{"rendered":"<p>Experi\u00eancias Cruzeiros Conhe\u00e7a as bel\u00edssimas paisagens do rio Douro a bordo de um dos nossos barcos acompanhados de um vinho do porto. Conhe\u00e7a as bel\u00edssimas paisagens do rio Douro a bordo de um dos nossos barcos acompanhados de um vinho do porto. Cruzeiro no Douro At\u00e9 6 pessoas DURA\u00c7\u00c3O 1 hora \u2013 190 euros 2 &#8230;<\/p>","protected":false},"author":1,"featured_media":0,"parent":2765,"menu_order":0,"comment_status":"closed","ping_status":"closed","template":"template-wide-content.php","meta":{"cozystay_single_page_hide_site_header":"","cozystay_single_page_site_header_source":"","cozystay_single_page_custom_site_header":"","cozystay_single_page_custom_sticky_site_header":"","cozystay_single_page_hide_page_title":"on","cozystay_single_page_header_section_size":"","cozystay_single_page_header_background_color":"","cozystay_single_page_header_background_position_x":"center","cozystay_single_page_header_background_position_y":"center","cozystay_single_page_header_background_size":"cover","cozystay_single_page_header_background_repeat":"off","cozystay_single_page_header_background_scroll":"on","cozystay_single_page_header_text_color":"","cozystay_single_page_header_show_breadcrumb":"","cozystay_single_page_site_footer_hide_main":"","cozystay_single_custom_site_footer_main_source":"","cozystay_single_custom_site_footer_main":"","cozystay_single_page_site_footer_hide_above":"","cozystay_single_custom_site_footer_above_source":"","cozystay_single_custom_site_footer_above":"","cozystay_single_page_site_footer_hide_instagram":"","cozystay_single_page_site_footer_hide_bottom":"","cozystay_single_custom_mobile_menu_source":"","cozystay_single_custom_mobile_menu":"","cozystay_single_custom_mobile_menu_animation":"","cozystay_single_custom_mobile_menu_width":"","cozystay_single_custom_mobile_menu_custom_width":375,"footnotes":""},"class_list":["post-3097","page","type-page","status-publish","hentry"],"_links":{"self":[{"href":"https:\/\/quintaaltodorio.pt\/nl\/wp-json\/wp\/v2\/pages\/3097","targetHints":{"allow":["GET"]}}],"collection":[{"href":"https:\/\/quintaaltodorio.pt\/nl\/wp-json\/wp\/v2\/pages"}],"about":[{"href":"https:\/\/quintaaltodorio.pt\/nl\/wp-json\/wp\/v2\/types\/page"}],"author":[{"embeddable":true,"href":"https:\/\/quintaaltodorio.pt\/nl\/wp-json\/wp\/v2\/users\/1"}],"replies":[{"embeddable":true,"href":"https:\/\/quintaaltodorio.pt\/nl\/wp-json\/wp\/v2\/comments?post=3097"}],"version-history":[{"count":10,"href":"https:\/\/quintaaltodorio.pt\/nl\/wp-json\/wp\/v2\/pages\/3097\/revisions"}],"predecessor-version":[{"id":3113,"href":"https:\/\/quintaaltodorio.pt\/nl\/wp-json\/wp\/v2\/pages\/3097\/revisions\/3113"}],"up":[{"embeddable":true,"href":"https:\/\/quintaaltodorio.pt\/nl\/wp-json\/wp\/v2\/pages\/2765"}],"wp:attachment":[{"href":"https:\/\/quintaaltodorio.pt\/nl\/wp-json\/wp\/v2\/media?parent=3097"}],"curies":[{"name":"wp","href":"https:\/\/api.w.org\/{rel}","templated":true}]}}